{"id":2637,"date":"2025-12-21T13:37:24","date_gmt":"2025-12-21T11:37:24","guid":{"rendered":"https:\/\/casino-bk-site34.top\/?page_id=2637"},"modified":"2025-12-21T13:37:24","modified_gmt":"2025-12-21T11:37:24","slug":"home-tr","status":"publish","type":"page","link":"https:\/\/casino-bk-site34.top\/tr\/","title":{"rendered":"Home TR"},"content":{"rendered":"","protected":false},"excerpt":{"rendered":"","protected":false},"author":1,"featured_media":0,"parent":0,"menu_order":0,"comment_status":"closed","ping_status":"closed","template":"home-new.php","meta":{"_acf_changed":false,"footnotes":""},"class_list":["post-2637","page","type-page","status-publish","hentry"],"acf":[],"yoast_head":"<!-- This site is optimized with the Yoast SEO plugin v27.0 - https:\/\/yoast.com\/product\/yoast-seo-wordpress\/ -->\n<title>1xbet resmi siteye h\u0131zl\u0131 eri\u015fim resmi sitesi ile giri\u015f ve bahis se\u00e7enekleri<\/title>\n<meta name=\"description\" content=\"1xbet online resmi siteye eri\u015fim, T\u00fcrkiye resmi sitesi ile giri\u015f ve bahis se\u00e7enekleri hakk\u0131nda kapsaml\u0131 rehber, yeni oyuncular i\u00e7in ad\u0131m ad\u0131m detayl\u0131 ve tam talimatlar sunar.\" \/>\n<meta name=\"robots\" content=\"index, follow, max-snippet:-1, max-image-preview:large, max-video-preview:-1\" \/>\n<link rel=\"canonical\" href=\"https:\/\/casino-bk-site34.top\/tr\/\" \/>\n<meta property=\"og:locale\" content=\"ru_RU\" \/>\n<meta property=\"og:type\" content=\"article\" \/>\n<meta property=\"og:title\" content=\"1xbet resmi siteye h\u0131zl\u0131 eri\u015fim resmi sitesi ile giri\u015f ve bahis se\u00e7enekleri\" \/>\n<meta property=\"og:description\" content=\"1xbet online resmi siteye eri\u015fim, T\u00fcrkiye resmi sitesi ile giri\u015f ve bahis se\u00e7enekleri hakk\u0131nda kapsaml\u0131 rehber, yeni oyuncular i\u00e7in ad\u0131m ad\u0131m detayl\u0131 ve tam talimatlar sunar.\" \/>\n<meta property=\"og:url\" content=\"https:\/\/casino-bk-site34.top\/tr\/\" \/>\n<meta property=\"og:site_name\" content=\"casino-bk-site34.top\" \/>\n<meta name=\"twitter:card\" content=\"summary_large_image\" \/>\n<script type=\"application\/ld+json\" class=\"yoast-schema-graph\">{\"@context\":\"https:\/\/schema.org\",\"@graph\":[{\"@type\":\"WebPage\",\"@id\":\"https:\/\/casino-bk-site34.top\/tr\/\",\"url\":\"https:\/\/casino-bk-site34.top\/tr\/\",\"name\":\"1xbet resmi siteye h\u0131zl\u0131 eri\u015fim resmi sitesi ile giri\u015f ve bahis se\u00e7enekleri\",\"isPartOf\":{\"@id\":\"https:\/\/casino-bk-site34.top\/#website\"},\"datePublished\":\"2025-12-21T11:37:24+00:00\",\"description\":\"1xbet online resmi siteye eri\u015fim, T\u00fcrkiye resmi sitesi ile giri\u015f ve bahis se\u00e7enekleri hakk\u0131nda kapsaml\u0131 rehber, yeni oyuncular i\u00e7in ad\u0131m ad\u0131m detayl\u0131 ve tam talimatlar sunar.\",\"breadcrumb\":{\"@id\":\"https:\/\/casino-bk-site34.top\/tr\/#breadcrumb\"},\"inLanguage\":\"ru-RU\",\"potentialAction\":[{\"@type\":\"ReadAction\",\"target\":[\"https:\/\/casino-bk-site34.top\/tr\/\"]}]},{\"@type\":\"BreadcrumbList\",\"@id\":\"https:\/\/casino-bk-site34.top\/tr\/#breadcrumb\",\"itemListElement\":[{\"@type\":\"ListItem\",\"position\":1,\"name\":\"\u0413\u043b\u0430\u0432\u043d\u0430\u044f \u0441\u0442\u0440\u0430\u043d\u0438\u0446\u0430\",\"item\":\"https:\/\/casino-bk-site34.top\/ru\/\"},{\"@type\":\"ListItem\",\"position\":2,\"name\":\"Home TR\"}]},{\"@type\":\"WebSite\",\"@id\":\"https:\/\/casino-bk-site34.top\/#website\",\"url\":\"https:\/\/casino-bk-site34.top\/\",\"name\":\"casino-bk-site34.top\",\"description\":\"\",\"publisher\":{\"@id\":\"https:\/\/casino-bk-site34.top\/#organization\"},\"potentialAction\":[{\"@type\":\"SearchAction\",\"target\":{\"@type\":\"EntryPoint\",\"urlTemplate\":\"https:\/\/casino-bk-site34.top\/?s={search_term_string}\"},\"query-input\":{\"@type\":\"PropertyValueSpecification\",\"valueRequired\":true,\"valueName\":\"search_term_string\"}}],\"inLanguage\":\"ru-RU\"},{\"@type\":\"Organization\",\"@id\":\"https:\/\/casino-bk-site34.top\/#organization\",\"name\":\"casino-bk-site34.top\",\"url\":\"https:\/\/casino-bk-site34.top\/\",\"logo\":{\"@type\":\"ImageObject\",\"inLanguage\":\"ru-RU\",\"@id\":\"https:\/\/casino-bk-site34.top\/#\/schema\/logo\/image\/\",\"url\":\"https:\/\/casino-bk-site34.top\/wp-content\/uploads\/2025\/11\/cropped-favicon-2.webp\",\"contentUrl\":\"https:\/\/casino-bk-site34.top\/wp-content\/uploads\/2025\/11\/cropped-favicon-2.webp\",\"width\":512,\"height\":512,\"caption\":\"casino-bk-site34.top\"},\"image\":{\"@id\":\"https:\/\/casino-bk-site34.top\/#\/schema\/logo\/image\/\"}}]}<\/script>\n<!-- \/ Yoast SEO plugin. -->","yoast_head_json":{"title":"1xbet resmi siteye h\u0131zl\u0131 eri\u015fim resmi sitesi ile giri\u015f ve bahis se\u00e7enekleri","description":"1xbet online resmi siteye eri\u015fim, T\u00fcrkiye resmi sitesi ile giri\u015f ve bahis se\u00e7enekleri hakk\u0131nda kapsaml\u0131 rehber, yeni oyuncular i\u00e7in ad\u0131m ad\u0131m detayl\u0131 ve tam talimatlar sunar.","robots":{"index":"index","follow":"follow","max-snippet":"max-snippet:-1","max-image-preview":"max-image-preview:large","max-video-preview":"max-video-preview:-1"},"canonical":"https:\/\/casino-bk-site34.top\/tr\/","og_locale":"ru_RU","og_type":"article","og_title":"1xbet resmi siteye h\u0131zl\u0131 eri\u015fim resmi sitesi ile giri\u015f ve bahis se\u00e7enekleri","og_description":"1xbet online resmi siteye eri\u015fim, T\u00fcrkiye resmi sitesi ile giri\u015f ve bahis se\u00e7enekleri hakk\u0131nda kapsaml\u0131 rehber, yeni oyuncular i\u00e7in ad\u0131m ad\u0131m detayl\u0131 ve tam talimatlar sunar.","og_url":"https:\/\/casino-bk-site34.top\/tr\/","og_site_name":"casino-bk-site34.top","twitter_card":"summary_large_image","schema":{"@context":"https:\/\/schema.org","@graph":[{"@type":"WebPage","@id":"https:\/\/casino-bk-site34.top\/tr\/","url":"https:\/\/casino-bk-site34.top\/tr\/","name":"1xbet resmi siteye h\u0131zl\u0131 eri\u015fim resmi sitesi ile giri\u015f ve bahis se\u00e7enekleri","isPartOf":{"@id":"https:\/\/casino-bk-site34.top\/#website"},"datePublished":"2025-12-21T11:37:24+00:00","description":"1xbet online resmi siteye eri\u015fim, T\u00fcrkiye resmi sitesi ile giri\u015f ve bahis se\u00e7enekleri hakk\u0131nda kapsaml\u0131 rehber, yeni oyuncular i\u00e7in ad\u0131m ad\u0131m detayl\u0131 ve tam talimatlar sunar.","breadcrumb":{"@id":"https:\/\/casino-bk-site34.top\/tr\/#breadcrumb"},"inLanguage":"ru-RU","potentialAction":[{"@type":"ReadAction","target":["https:\/\/casino-bk-site34.top\/tr\/"]}]},{"@type":"BreadcrumbList","@id":"https:\/\/casino-bk-site34.top\/tr\/#breadcrumb","itemListElement":[{"@type":"ListItem","position":1,"name":"\u0413\u043b\u0430\u0432\u043d\u0430\u044f \u0441\u0442\u0440\u0430\u043d\u0438\u0446\u0430","item":"https:\/\/casino-bk-site34.top\/ru\/"},{"@type":"ListItem","position":2,"name":"Home TR"}]},{"@type":"WebSite","@id":"https:\/\/casino-bk-site34.top\/#website","url":"https:\/\/casino-bk-site34.top\/","name":"casino-bk-site34.top","description":"","publisher":{"@id":"https:\/\/casino-bk-site34.top\/#organization"},"potentialAction":[{"@type":"SearchAction","target":{"@type":"EntryPoint","urlTemplate":"https:\/\/casino-bk-site34.top\/?s={search_term_string}"},"query-input":{"@type":"PropertyValueSpecification","valueRequired":true,"valueName":"search_term_string"}}],"inLanguage":"ru-RU"},{"@type":"Organization","@id":"https:\/\/casino-bk-site34.top\/#organization","name":"casino-bk-site34.top","url":"https:\/\/casino-bk-site34.top\/","logo":{"@type":"ImageObject","inLanguage":"ru-RU","@id":"https:\/\/casino-bk-site34.top\/#\/schema\/logo\/image\/","url":"https:\/\/casino-bk-site34.top\/wp-content\/uploads\/2025\/11\/cropped-favicon-2.webp","contentUrl":"https:\/\/casino-bk-site34.top\/wp-content\/uploads\/2025\/11\/cropped-favicon-2.webp","width":512,"height":512,"caption":"casino-bk-site34.top"},"image":{"@id":"https:\/\/casino-bk-site34.top\/#\/schema\/logo\/image\/"}}]}},"amp_enabled":true,"_links":{"self":[{"href":"https:\/\/casino-bk-site34.top\/wp-json\/wp\/v2\/pages\/2637","targetHints":{"allow":["GET"]}}],"collection":[{"href":"https:\/\/casino-bk-site34.top\/wp-json\/wp\/v2\/pages"}],"about":[{"href":"https:\/\/casino-bk-site34.top\/wp-json\/wp\/v2\/types\/page"}],"author":[{"embeddable":true,"href":"https:\/\/casino-bk-site34.top\/wp-json\/wp\/v2\/users\/1"}],"replies":[{"embeddable":true,"href":"https:\/\/casino-bk-site34.top\/wp-json\/wp\/v2\/comments?post=2637"}],"version-history":[{"count":1,"href":"https:\/\/casino-bk-site34.top\/wp-json\/wp\/v2\/pages\/2637\/revisions"}],"predecessor-version":[{"id":2638,"href":"https:\/\/casino-bk-site34.top\/wp-json\/wp\/v2\/pages\/2637\/revisions\/2638"}],"wp:attachment":[{"href":"https:\/\/casino-bk-site34.top\/wp-json\/wp\/v2\/media?parent=2637"}],"curies":[{"name":"wp","href":"https:\/\/api.w.org\/{rel}","templated":true}]}}