{"id":2641,"date":"2025-12-21T13:53:36","date_gmt":"2025-12-21T11:53:36","guid":{"rendered":"https:\/\/casino-bk-site34.top\/?page_id=2641"},"modified":"2025-12-21T13:53:36","modified_gmt":"2025-12-21T11:53:36","slug":"haqqimizda","status":"publish","type":"page","link":"https:\/\/casino-bk-site34.top\/az\/haqqimizda\/","title":{"rendered":"Haqq\u0131m\u0131zda"},"content":{"rendered":"<h1>Haqq\u0131m\u0131zda<\/h1>\n<p>Bu platforman\u0131n m\u0259qs\u0259di istifad\u0259\u00e7il\u0259r\u0259 sabitlik, \u015f\u0259ffafl\u0131q v\u0259 m\u00fcasir texnoloji standartlar \u0259traf\u0131nda qurulmu\u015f r\u0259q\u0259msal qar\u015f\u0131l\u0131ql\u0131 \u0259laq\u0259 \u00fc\u00e7\u00fcn ayd\u0131n, intuitiv v\u0259 t\u0259hl\u00fck\u0259siz bir m\u0259kan t\u0259min etm\u0259kdir. Bizim yana\u015fmam\u0131z h\u0259r bir istifad\u0259\u00e7inin proqnozla\u015fd\u0131r\u0131la bil\u0259n, rahat v\u0259 yax\u015f\u0131 t\u0259\u015fkil olunmu\u015f bir t\u0259cr\u00fcb\u0259y\u0259 etibar ed\u0259 bil\u0259c\u0259yi bir m\u00fchit yaratma\u011fa y\u00f6n\u0259lmi\u015fdir. Platforma ziyar\u0259t\u00e7il\u0259ri m\u00fcr\u0259kk\u0259b strukturlar v\u0259 ya h\u0259ddind\u0259n art\u0131q x\u00fcsusiyy\u0259tl\u0259rl\u0259 yormaq \u0259v\u0259zin\u0259, \u0259sas prinsipl\u0259ri kimi sad\u0259liyi, ayd\u0131nl\u0131\u011f\u0131 v\u0259 etibarl\u0131l\u0131\u011f\u0131 vur\u011fulay\u0131r.<\/p>\n<h2>\u0130\u015fin \u0259sas\u0131<\/h2>\n<p>\u0130\u015fimizin \u0259sas\u0131 r\u0259q\u0259msal xidm\u0259tl\u0259rin texniki t\u0259cr\u00fcb\u0259 s\u0259viyy\u0259sind\u0259n as\u0131l\u0131 olmayaraq h\u0259r k\u0259s \u00fc\u00e7\u00fcn \u0259l\u00e7atan v\u0259 ba\u015fa d\u00fc\u015f\u00fcl\u0259n olmas\u0131 inanc\u0131na \u0259saslan\u0131r. Buna g\u00f6r\u0259 interfeys dizayn\u0131, naviqasiya ax\u0131n\u0131 v\u0259 \u00fcmumi istifad\u0259 rahatl\u0131\u011f\u0131 inki\u015faf prosesind\u0259 m\u0259rk\u0259zi rol oynay\u0131r. H\u0259r b\u00f6lm\u0259 qar\u0131\u015f\u0131ql\u0131\u011f\u0131 minimuma endir\u0259n v\u0259 istifad\u0259\u00e7il\u0259rin platformada asanl\u0131qla h\u0259r\u0259k\u0259t etm\u0259sin\u0259 imkan ver\u0259n \u015f\u0259kild\u0259 qurulmu\u015fdur. D\u00fcym\u0259l\u0259r, d\u00fcz\u00fcl\u00fc\u015fl\u0259r v\u0259 funksional bloklar hamar v\u0259 s\u0259m\u0259r\u0259li qar\u015f\u0131l\u0131ql\u0131 \u0259laq\u0259 n\u00fcmun\u0259si yaratmaq \u00fc\u00e7\u00fcn q\u0259sd\u0259n yerl\u0259\u015fdirilib. Bir \u015f\u0259xs mobil cihazdan v\u0259 ya masa\u00fcst\u00fc komp\u00fcterd\u0259n qo\u015fulsundan as\u0131l\u0131 olmayaraq, platforma ard\u0131c\u0131l performans t\u0259min etm\u0259k \u00fc\u00e7\u00fcn problemsiz \u015f\u0259kild\u0259 uy\u011funla\u015f\u0131r.<\/p>\n<h2>Platforma d\u0259st\u0259yi<\/h2>\n<p>Texniki bax\u0131mdan, platforma sistem sabitliyini, server performans\u0131n\u0131 v\u0259 m\u0259lumatlar\u0131n qorunmas\u0131 t\u0259dbirl\u0259rini davaml\u0131 olaraq izl\u0259y\u0259n x\u00fcsusi bir komanda t\u0259r\u0259find\u0259n d\u0259st\u0259kl\u0259nir. M\u00fch\u0259ndisl\u0259r y\u00fckl\u0259m\u0259 s\u00fcr\u0259tini optimalla\u015fd\u0131rmaq, istifad\u0259\u00e7i f\u0259aliyy\u0259tini idar\u0259 ed\u0259n alqoritml\u0259ri t\u0259kmill\u0259\u015fdirm\u0259k v\u0259 sistemin h\u0259tta y\u00fcks\u0259k trafik d\u00f6vrl\u0259rind\u0259 bel\u0259 cavabdeh qalmas\u0131 \u00fc\u00e7\u00fcn daxili arxitekturan\u0131 t\u0259kmill\u0259\u015fdirm\u0259k \u00fcz\u0259rind\u0259 i\u015fl\u0259yirl\u0259r. M\u00fcasir cihazlar, brauzerl\u0259r v\u0259 t\u0259hl\u00fck\u0259sizlik standartlar\u0131 il\u0259 uy\u011funlu\u011fu t\u0259min etm\u0259k \u00fc\u00e7\u00fcn m\u00fcnt\u0259z\u0259m yenil\u0259m\u0259l\u0259r t\u0259tbiq olunur. R\u0259q\u0259msal t\u0259hl\u00fck\u0259sizlik \u00fczr\u0259 m\u00fct\u0259x\u0259ssisl\u0259rimiz potensial z\u0259iflikl\u0259ri m\u00fc\u0259yy\u0259n etm\u0259k v\u0259 qoruyucu t\u0259b\u0259q\u0259l\u0259ri g\u00fccl\u0259ndirm\u0259k \u00fc\u00e7\u00fcn davaml\u0131 t\u0259hlill\u0259r apar\u0131r v\u0259 b\u00fct\u00fcn istifad\u0259\u00e7il\u0259r \u00fc\u00e7\u00fcn t\u0259hl\u00fck\u0259siz m\u00fchit\u0259 t\u00f6hf\u0259 verirl\u0259r.<\/p>\n<h2>Texniki d\u0259qiqlik<\/h2>\n<p>\u0130nki\u015faf f\u0259ls\u0259f\u0259si texniki d\u0259qiqlikd\u0259n k\u0259nara \u00e7\u0131x\u0131r. O, h\u0259m\u00e7inin layih\u0259 daxilind\u0259 veril\u0259n h\u0259r bir q\u0259rar\u0131 formala\u015fd\u0131ran istifad\u0259\u00e7i birinci d\u00fc\u015f\u00fcnc\u0259 t\u0259rzini \u00f6z\u00fcnd\u0259 birl\u0259\u015fdirir. Analitika m\u00fct\u0259x\u0259ssisl\u0259ri hans\u0131 x\u00fcsusiyy\u0259tl\u0259rin \u0259n \u00e7ox d\u0259y\u0259r verdiyini v\u0259 hans\u0131 sah\u0259l\u0259rin t\u0259kmill\u0259\u015fdiril\u0259 bil\u0259c\u0259yini anlamaq \u00fc\u00e7\u00fcn istifad\u0259\u00e7i qar\u015f\u0131l\u0131ql\u0131 \u0259laq\u0259l\u0259rini \u00f6yr\u0259nirl\u0259r. Dizaynerl\u0259r vizual strukturun t\u0259miz v\u0259 m\u00fcdaxil\u0259siz qalmas\u0131n\u0131 t\u0259min edir, istifad\u0259\u00e7il\u0259r\u0259 laz\u0131ms\u0131z yay\u0131nd\u0131r\u0131c\u0131 amill\u0259r olmadan vacib h\u0259r\u0259k\u0259tl\u0259r\u0259 diqq\u0259t yetirm\u0259y\u0259 k\u00f6m\u0259k edir. D\u0259st\u0259k hey\u0259ti ayd\u0131n \u00fcnsiyy\u0259t kanallar\u0131n\u0131 saxlay\u0131r v\u0259 r\u0259hb\u0259rliy\u0259 ehtiyac olduqda faydal\u0131 v\u0259 vaxt\u0131nda cavablar verir.<\/p>\n<p>Platforman\u0131n \u015f\u0259xsiyy\u0259tinin dig\u0259r vacib komponenti \u015f\u0259ffafl\u0131\u011fa sadiqliyidir. \u0130stifad\u0259\u00e7il\u0259r sistemin nec\u0259 i\u015fl\u0259diyini, m\u0259lumatlar\u0131n nec\u0259 i\u015fl\u0259ndiyini v\u0259 f\u0259aliyy\u0259tl\u0259rini qorumaq \u00fc\u00e7\u00fcn hans\u0131 t\u0259dbirl\u0259rin g\u00f6r\u00fcld\u00fcy\u00fcn\u00fc anlamaq h\u00fcququna malikdirl\u0259r. Ayd\u0131n izahatlar, \u0259l\u00e7atan s\u0259n\u0259dl\u0259r v\u0259 a\u00e7\u0131q \u00fcnsiyy\u0259t bu \u00f6hd\u0259liyi \u0259ks etdirir. M\u0259qs\u0259d yaln\u0131z funksional xidm\u0259t g\u00f6st\u0259rm\u0259k deyil, h\u0259m d\u0259 d\u00fcr\u00fcstl\u00fck v\u0259 ard\u0131c\u0131l keyfiyy\u0259t vasit\u0259sil\u0259 etimad yaratmaqd\u0131r.<\/p>\n<h2>T\u0259hl\u00fck\u0259siz t\u0259cr\u00fcb\u0259<\/h2>\n<p>N\u0259tic\u0259 etibaril\u0259, platforma sabit, t\u0259hl\u00fck\u0259siz v\u0259 istifad\u0259\u00e7i dostu r\u0259q\u0259msal t\u0259cr\u00fcb\u0259 t\u0259qdim etm\u0259k \u00fc\u00e7\u00fcn m\u00f6vcuddur. Texniki t\u0259cr\u00fcb\u0259ni, d\u00fc\u015f\u00fcn\u00fclm\u00fc\u015f dizayn\u0131 v\u0259 istifad\u0259\u00e7i ehtiyaclar\u0131na g\u00fccl\u00fc diqq\u0259t yetirm\u0259yi birl\u0259\u015fdir\u0259r\u0259k, layih\u0259 inki\u015faf etm\u0259y\u0259 v\u0259 uy\u011funla\u015fma\u011fa davam edir, xidm\u0259tl\u0259rinin geni\u015f auditoriya \u00fc\u00e7\u00fcn aktual, etibarl\u0131 v\u0259 rahat qalmas\u0131n\u0131 t\u0259min edir.<\/p>\n","protected":false},"excerpt":{"rendered":"<p>Haqq\u0131m\u0131zda Bu platforman\u0131n m\u0259qs\u0259di istifad\u0259\u00e7il\u0259r\u0259 sabitlik, \u015f\u0259ffafl\u0131q v\u0259 m\u00fcasir texnoloji standartlar \u0259traf\u0131nda qurulmu\u015f r\u0259q\u0259msal qar\u015f\u0131l\u0131ql\u0131 \u0259laq\u0259 \u00fc\u00e7\u00fcn ayd\u0131n, intuitiv v\u0259 t\u0259hl\u00fck\u0259siz bir m\u0259kan t\u0259min etm\u0259kdir. Bizim yana\u015fmam\u0131z h\u0259r bir istifad\u0259\u00e7inin proqnozla\u015fd\u0131r\u0131la bil\u0259n, rahat v\u0259 yax\u015f\u0131 t\u0259\u015fkil olunmu\u015f bir t\u0259cr\u00fcb\u0259y\u0259 etibar ed\u0259 bil\u0259c\u0259yi bir m\u00fchit yaratma\u011fa y\u00f6n\u0259lmi\u015fdir. Platforma ziyar\u0259t\u00e7il\u0259ri m\u00fcr\u0259kk\u0259b strukturlar v\u0259 ya h\u0259ddind\u0259n art\u0131q x\u00fcsusiyy\u0259tl\u0259rl\u0259 [&hellip;]<\/p>\n","protected":false},"author":1,"featured_media":0,"parent":0,"menu_order":0,"comment_status":"closed","ping_status":"closed","template":"","meta":{"_acf_changed":false,"footnotes":""},"class_list":["post-2641","page","type-page","status-publish","hentry"],"acf":[],"yoast_head":"<!-- This site is optimized with the Yoast SEO plugin v27.0 - https:\/\/yoast.com\/product\/yoast-seo-wordpress\/ -->\n<title>Haqq\u0131m\u0131zda \u2014 M\u0259qs\u0259d, Struktur v\u0259 Yana\u015fma<\/title>\n<meta name=\"description\" content=\"Platforman\u0131n missiyas\u0131, interfeysi v\u0259 texniki t\u0259m\u0259linin h\u0259rt\u0259r\u0259fli izah\u0131\" \/>\n<meta name=\"robots\" content=\"index, follow, max-snippet:-1, max-image-preview:large, max-video-preview:-1\" \/>\n<link rel=\"canonical\" href=\"https:\/\/casino-bk-site34.top\/az\/haqqimizda\/\" \/>\n<meta property=\"og:locale\" content=\"ru_RU\" \/>\n<meta property=\"og:type\" content=\"article\" \/>\n<meta property=\"og:title\" content=\"Haqq\u0131m\u0131zda \u2014 M\u0259qs\u0259d, Struktur v\u0259 Yana\u015fma\" \/>\n<meta property=\"og:description\" content=\"Platforman\u0131n missiyas\u0131, interfeysi v\u0259 texniki t\u0259m\u0259linin h\u0259rt\u0259r\u0259fli izah\u0131\" \/>\n<meta property=\"og:url\" content=\"https:\/\/casino-bk-site34.top\/az\/haqqimizda\/\" \/>\n<meta property=\"og:site_name\" content=\"casino-bk-site34.top\" \/>\n<meta name=\"twitter:card\" content=\"summary_large_image\" \/>\n<meta name=\"twitter:label1\" content=\"\u041f\u0440\u0438\u043c\u0435\u0440\u043d\u043e\u0435 \u0432\u0440\u0435\u043c\u044f \u0434\u043b\u044f \u0447\u0442\u0435\u043d\u0438\u044f\" \/>\n\t<meta name=\"twitter:data1\" content=\"3 \u043c\u0438\u043d\u0443\u0442\u044b\" \/>\n<script type=\"application\/ld+json\" class=\"yoast-schema-graph\">{\"@context\":\"https:\/\/schema.org\",\"@graph\":[{\"@type\":\"WebPage\",\"@id\":\"https:\/\/casino-bk-site34.top\/az\/haqqimizda\/\",\"url\":\"https:\/\/casino-bk-site34.top\/az\/haqqimizda\/\",\"name\":\"Haqq\u0131m\u0131zda \u2014 M\u0259qs\u0259d, Struktur v\u0259 Yana\u015fma\",\"isPartOf\":{\"@id\":\"https:\/\/casino-bk-site34.top\/#website\"},\"datePublished\":\"2025-12-21T11:53:36+00:00\",\"description\":\"Platforman\u0131n missiyas\u0131, interfeysi v\u0259 texniki t\u0259m\u0259linin h\u0259rt\u0259r\u0259fli izah\u0131\",\"breadcrumb\":{\"@id\":\"https:\/\/casino-bk-site34.top\/az\/haqqimizda\/#breadcrumb\"},\"inLanguage\":\"ru-RU\",\"potentialAction\":[{\"@type\":\"ReadAction\",\"target\":[\"https:\/\/casino-bk-site34.top\/az\/haqqimizda\/\"]}]},{\"@type\":\"BreadcrumbList\",\"@id\":\"https:\/\/casino-bk-site34.top\/az\/haqqimizda\/#breadcrumb\",\"itemListElement\":[{\"@type\":\"ListItem\",\"position\":1,\"name\":\"\u0413\u043b\u0430\u0432\u043d\u0430\u044f \u0441\u0442\u0440\u0430\u043d\u0438\u0446\u0430\",\"item\":\"https:\/\/casino-bk-site34.top\/ru\/\"},{\"@type\":\"ListItem\",\"position\":2,\"name\":\"Haqq\u0131m\u0131zda\"}]},{\"@type\":\"WebSite\",\"@id\":\"https:\/\/casino-bk-site34.top\/#website\",\"url\":\"https:\/\/casino-bk-site34.top\/\",\"name\":\"casino-bk-site34.top\",\"description\":\"\",\"publisher\":{\"@id\":\"https:\/\/casino-bk-site34.top\/#organization\"},\"potentialAction\":[{\"@type\":\"SearchAction\",\"target\":{\"@type\":\"EntryPoint\",\"urlTemplate\":\"https:\/\/casino-bk-site34.top\/?s={search_term_string}\"},\"query-input\":{\"@type\":\"PropertyValueSpecification\",\"valueRequired\":true,\"valueName\":\"search_term_string\"}}],\"inLanguage\":\"ru-RU\"},{\"@type\":\"Organization\",\"@id\":\"https:\/\/casino-bk-site34.top\/#organization\",\"name\":\"casino-bk-site34.top\",\"url\":\"https:\/\/casino-bk-site34.top\/\",\"logo\":{\"@type\":\"ImageObject\",\"inLanguage\":\"ru-RU\",\"@id\":\"https:\/\/casino-bk-site34.top\/#\/schema\/logo\/image\/\",\"url\":\"https:\/\/casino-bk-site34.top\/wp-content\/uploads\/2025\/11\/cropped-favicon-2.webp\",\"contentUrl\":\"https:\/\/casino-bk-site34.top\/wp-content\/uploads\/2025\/11\/cropped-favicon-2.webp\",\"width\":512,\"height\":512,\"caption\":\"casino-bk-site34.top\"},\"image\":{\"@id\":\"https:\/\/casino-bk-site34.top\/#\/schema\/logo\/image\/\"}}]}<\/script>\n<!-- \/ Yoast SEO plugin. -->","yoast_head_json":{"title":"Haqq\u0131m\u0131zda \u2014 M\u0259qs\u0259d, Struktur v\u0259 Yana\u015fma","description":"Platforman\u0131n missiyas\u0131, interfeysi v\u0259 texniki t\u0259m\u0259linin h\u0259rt\u0259r\u0259fli izah\u0131","robots":{"index":"index","follow":"follow","max-snippet":"max-snippet:-1","max-image-preview":"max-image-preview:large","max-video-preview":"max-video-preview:-1"},"canonical":"https:\/\/casino-bk-site34.top\/az\/haqqimizda\/","og_locale":"ru_RU","og_type":"article","og_title":"Haqq\u0131m\u0131zda \u2014 M\u0259qs\u0259d, Struktur v\u0259 Yana\u015fma","og_description":"Platforman\u0131n missiyas\u0131, interfeysi v\u0259 texniki t\u0259m\u0259linin h\u0259rt\u0259r\u0259fli izah\u0131","og_url":"https:\/\/casino-bk-site34.top\/az\/haqqimizda\/","og_site_name":"casino-bk-site34.top","twitter_card":"summary_large_image","twitter_misc":{"\u041f\u0440\u0438\u043c\u0435\u0440\u043d\u043e\u0435 \u0432\u0440\u0435\u043c\u044f \u0434\u043b\u044f \u0447\u0442\u0435\u043d\u0438\u044f":"3 \u043c\u0438\u043d\u0443\u0442\u044b"},"schema":{"@context":"https:\/\/schema.org","@graph":[{"@type":"WebPage","@id":"https:\/\/casino-bk-site34.top\/az\/haqqimizda\/","url":"https:\/\/casino-bk-site34.top\/az\/haqqimizda\/","name":"Haqq\u0131m\u0131zda \u2014 M\u0259qs\u0259d, Struktur v\u0259 Yana\u015fma","isPartOf":{"@id":"https:\/\/casino-bk-site34.top\/#website"},"datePublished":"2025-12-21T11:53:36+00:00","description":"Platforman\u0131n missiyas\u0131, interfeysi v\u0259 texniki t\u0259m\u0259linin h\u0259rt\u0259r\u0259fli izah\u0131","breadcrumb":{"@id":"https:\/\/casino-bk-site34.top\/az\/haqqimizda\/#breadcrumb"},"inLanguage":"ru-RU","potentialAction":[{"@type":"ReadAction","target":["https:\/\/casino-bk-site34.top\/az\/haqqimizda\/"]}]},{"@type":"BreadcrumbList","@id":"https:\/\/casino-bk-site34.top\/az\/haqqimizda\/#breadcrumb","itemListElement":[{"@type":"ListItem","position":1,"name":"\u0413\u043b\u0430\u0432\u043d\u0430\u044f \u0441\u0442\u0440\u0430\u043d\u0438\u0446\u0430","item":"https:\/\/casino-bk-site34.top\/ru\/"},{"@type":"ListItem","position":2,"name":"Haqq\u0131m\u0131zda"}]},{"@type":"WebSite","@id":"https:\/\/casino-bk-site34.top\/#website","url":"https:\/\/casino-bk-site34.top\/","name":"casino-bk-site34.top","description":"","publisher":{"@id":"https:\/\/casino-bk-site34.top\/#organization"},"potentialAction":[{"@type":"SearchAction","target":{"@type":"EntryPoint","urlTemplate":"https:\/\/casino-bk-site34.top\/?s={search_term_string}"},"query-input":{"@type":"PropertyValueSpecification","valueRequired":true,"valueName":"search_term_string"}}],"inLanguage":"ru-RU"},{"@type":"Organization","@id":"https:\/\/casino-bk-site34.top\/#organization","name":"casino-bk-site34.top","url":"https:\/\/casino-bk-site34.top\/","logo":{"@type":"ImageObject","inLanguage":"ru-RU","@id":"https:\/\/casino-bk-site34.top\/#\/schema\/logo\/image\/","url":"https:\/\/casino-bk-site34.top\/wp-content\/uploads\/2025\/11\/cropped-favicon-2.webp","contentUrl":"https:\/\/casino-bk-site34.top\/wp-content\/uploads\/2025\/11\/cropped-favicon-2.webp","width":512,"height":512,"caption":"casino-bk-site34.top"},"image":{"@id":"https:\/\/casino-bk-site34.top\/#\/schema\/logo\/image\/"}}]}},"amp_enabled":true,"_links":{"self":[{"href":"https:\/\/casino-bk-site34.top\/wp-json\/wp\/v2\/pages\/2641","targetHints":{"allow":["GET"]}}],"collection":[{"href":"https:\/\/casino-bk-site34.top\/wp-json\/wp\/v2\/pages"}],"about":[{"href":"https:\/\/casino-bk-site34.top\/wp-json\/wp\/v2\/types\/page"}],"author":[{"embeddable":true,"href":"https:\/\/casino-bk-site34.top\/wp-json\/wp\/v2\/users\/1"}],"replies":[{"embeddable":true,"href":"https:\/\/casino-bk-site34.top\/wp-json\/wp\/v2\/comments?post=2641"}],"version-history":[{"count":1,"href":"https:\/\/casino-bk-site34.top\/wp-json\/wp\/v2\/pages\/2641\/revisions"}],"predecessor-version":[{"id":2642,"href":"https:\/\/casino-bk-site34.top\/wp-json\/wp\/v2\/pages\/2641\/revisions\/2642"}],"wp:attachment":[{"href":"https:\/\/casino-bk-site34.top\/wp-json\/wp\/v2\/media?parent=2641"}],"curies":[{"name":"wp","href":"https:\/\/api.w.org\/{rel}","templated":true}]}}