{"id":2643,"date":"2025-12-21T13:54:10","date_gmt":"2025-12-21T11:54:10","guid":{"rendered":"https:\/\/casino-bk-site34.top\/?page_id=2643"},"modified":"2025-12-21T13:54:10","modified_gmt":"2025-12-21T11:54:10","slug":"hakkimizda","status":"publish","type":"page","link":"https:\/\/casino-bk-site34.top\/tr\/hakkimizda\/","title":{"rendered":"Hakk\u0131m\u0131zda"},"content":{"rendered":"<h1>Hakk\u0131m\u0131zda<\/h1>\n<p>Bu platformun amac\u0131, istikrar, \u015feffafl\u0131k ve modern teknolojik standartlar etraf\u0131nda in\u015fa edilmi\u015f, kullan\u0131c\u0131lara net, sezgisel ve g\u00fcvenli bir dijital etkile\u015fim alan\u0131 sa\u011flamakt\u0131r. Yakla\u015f\u0131m\u0131m\u0131z, her kullan\u0131c\u0131n\u0131n \u00f6ng\u00f6r\u00fclebilir, rahat ve iyi organize edilmi\u015f bir deneyime g\u00fcvenebilece\u011fi bir ortam yaratmaya odaklanmaktad\u0131r. Ziyaret\u00e7ileri karma\u015f\u0131k yap\u0131lar veya a\u015f\u0131r\u0131 \u00f6zelliklerle bunaltmak yerine, platform temel prensipleri olarak sadeli\u011fi, netli\u011fi ve g\u00fcvenilirli\u011fi vurgular.<\/p>\n<h2>\u00c7al\u0131\u015fmam\u0131z\u0131n Temeli<\/h2>\n<p>\u00c7al\u0131\u015fmam\u0131z\u0131n temeli, dijital hizmetlerin teknik deneyim seviyelerinden ba\u011f\u0131ms\u0131z olarak herkes i\u00e7in eri\u015filebilir ve anla\u015f\u0131labilir olmas\u0131 gerekti\u011fi inanc\u0131na dayanmaktad\u0131r. Bu nedenle aray\u00fcz tasar\u0131m\u0131, gezinme ak\u0131\u015f\u0131 ve genel kullan\u0131labilirlik geli\u015ftirme s\u00fcrecinde merkezi bir rol oynamaktad\u0131r. Her b\u00f6l\u00fcm, kar\u0131\u015f\u0131kl\u0131\u011f\u0131 en aza indirecek ve kullan\u0131c\u0131lar\u0131n platformda kolayca hareket etmelerini sa\u011flayacak \u015fekilde yap\u0131land\u0131r\u0131lm\u0131\u015ft\u0131r. D\u00fc\u011fmeler, d\u00fczenler ve i\u015flevsel bloklar, sorunsuz ve verimli bir etkile\u015fim modeli olu\u015fturmak i\u00e7in kas\u0131tl\u0131 olarak yerle\u015ftirilmi\u015ftir. Bir ki\u015fi mobil cihazdan veya masa\u00fcst\u00fc bilgisayardan ba\u011flansa da, platform tutarl\u0131 performans sa\u011flamak i\u00e7in sorunsuz bir \u015fekilde uyum sa\u011flar.<\/p>\n<h2>Platform Deste\u011fi<\/h2>\n<p>Teknik a\u00e7\u0131dan, platform, sistem kararl\u0131l\u0131\u011f\u0131n\u0131, sunucu performans\u0131n\u0131 ve veri koruma \u00f6nlemlerini s\u00fcrekli olarak izleyen \u00f6zel bir ekip taraf\u0131ndan desteklenmektedir. M\u00fchendisler, y\u00fckleme h\u0131z\u0131n\u0131 optimize etmek, kullan\u0131c\u0131 etkinli\u011fini i\u015fleyen algoritmalar\u0131 iyile\u015ftirmek ve sistemin y\u00fcksek trafik d\u00f6nemlerinde bile yan\u0131t vermeye devam etmesi i\u00e7in i\u00e7 mimariyi geli\u015ftirmek \u00fczerinde \u00e7al\u0131\u015fmaktad\u0131r. Modern cihazlar, taray\u0131c\u0131lar ve g\u00fcvenlik standartlar\u0131yla uyumlulu\u011fu sa\u011flamak i\u00e7in d\u00fczenli g\u00fcncellemeler uygulanmaktad\u0131r. Dijital g\u00fcvenlik uzmanlar\u0131m\u0131z, potansiyel g\u00fcvenlik a\u00e7\u0131klar\u0131n\u0131 belirlemek ve koruyucu katmanlar\u0131 g\u00fc\u00e7lendirmek i\u00e7in s\u00fcrekli analizler yaparak t\u00fcm kullan\u0131c\u0131lar i\u00e7in g\u00fcvenli bir ortam olu\u015fturulmas\u0131na katk\u0131da bulunmaktad\u0131r.<\/p>\n<h2>Teknik Hassasiyet<\/h2>\n<p>Geli\u015ftirme felsefesi, teknik hassasiyetin \u00f6tesine uzanmaktad\u0131r. Ayr\u0131ca, proje i\u00e7inde al\u0131nan her karar\u0131 \u015fekillendiren kullan\u0131c\u0131 odakl\u0131 bir zihniyeti de i\u00e7ermektedir. Analitik uzmanlar\u0131, hangi \u00f6zelliklerin en fazla de\u011feri sa\u011flad\u0131\u011f\u0131n\u0131 ve hangi alanlar\u0131n geli\u015ftirilebilece\u011fini anlamak i\u00e7in kullan\u0131c\u0131 etkile\u015fimlerini inceler. Tasar\u0131mc\u0131lar, g\u00f6rsel yap\u0131n\u0131n temiz ve rahats\u0131z edici olmamas\u0131n\u0131 sa\u011flayarak, kullan\u0131c\u0131lar\u0131n gereksiz dikkat da\u011f\u0131t\u0131c\u0131 unsurlar olmadan temel eylemlere odaklanmalar\u0131na yard\u0131mc\u0131 olur. Destek personeli, a\u00e7\u0131k ileti\u015fim kanallar\u0131n\u0131 koruyarak, rehberli\u011fe ihtiya\u00e7 duyuldu\u011funda yard\u0131mc\u0131 ve zaman\u0131nda yan\u0131tlar sa\u011flar.<\/p>\n<p>Platformun kimli\u011finin bir di\u011fer \u00f6nemli bile\u015feni de \u015feffafl\u0131\u011fa olan ba\u011fl\u0131l\u0131\u011f\u0131d\u0131r. Kullan\u0131c\u0131lar, sistemin nas\u0131l \u00e7al\u0131\u015ft\u0131\u011f\u0131n\u0131, bilgilerin nas\u0131l i\u015flendi\u011fini ve faaliyetlerini korumak i\u00e7in hangi \u00f6nlemlerin al\u0131nd\u0131\u011f\u0131n\u0131 anlama hakk\u0131na sahiptir. A\u00e7\u0131k a\u00e7\u0131klamalar, eri\u015filebilir dok\u00fcmantasyon ve a\u00e7\u0131k ileti\u015fim bu ba\u011fl\u0131l\u0131\u011f\u0131 yans\u0131t\u0131r. Ama\u00e7 sadece i\u015flevsel bir hizmet sunmak de\u011fil, ayn\u0131 zamanda d\u00fcr\u00fcstl\u00fck ve tutarl\u0131 kalite yoluyla g\u00fcven in\u015fa etmektir.<\/p>\n<h2>G\u00fcvenli deneyim<\/h2>\n<p>Sonu\u00e7 olarak, platform istikrarl\u0131, g\u00fcvenli ve kullan\u0131c\u0131 dostu bir dijital deneyim sunmak i\u00e7in var. Teknik uzmanl\u0131\u011f\u0131, \u00f6zenli tasar\u0131m\u0131 ve kullan\u0131c\u0131 ihtiya\u00e7lar\u0131na g\u00fc\u00e7l\u00fc bir odaklanmay\u0131 birle\u015ftirerek, proje geli\u015fmeye ve uyum sa\u011flamaya devam ediyor ve hizmetlerinin geni\u015f bir kitle i\u00e7in alakal\u0131, g\u00fcvenilir ve kullan\u0131\u015fl\u0131 kalmas\u0131n\u0131 sa\u011fl\u0131yor.<\/p>\n","protected":false},"excerpt":{"rendered":"<p>Hakk\u0131m\u0131zda Bu platformun amac\u0131, istikrar, \u015feffafl\u0131k ve modern teknolojik standartlar etraf\u0131nda in\u015fa edilmi\u015f, kullan\u0131c\u0131lara net, sezgisel ve g\u00fcvenli bir dijital etkile\u015fim alan\u0131 sa\u011flamakt\u0131r. Yakla\u015f\u0131m\u0131m\u0131z, her kullan\u0131c\u0131n\u0131n \u00f6ng\u00f6r\u00fclebilir, rahat ve iyi organize edilmi\u015f bir deneyime g\u00fcvenebilece\u011fi bir ortam yaratmaya odaklanmaktad\u0131r. Ziyaret\u00e7ileri karma\u015f\u0131k yap\u0131lar veya a\u015f\u0131r\u0131 \u00f6zelliklerle bunaltmak yerine, platform temel prensipleri olarak sadeli\u011fi, netli\u011fi ve g\u00fcvenilirli\u011fi [&hellip;]<\/p>\n","protected":false},"author":1,"featured_media":0,"parent":0,"menu_order":0,"comment_status":"closed","ping_status":"closed","template":"","meta":{"_acf_changed":false,"footnotes":""},"class_list":["post-2643","page","type-page","status-publish","hentry"],"acf":[],"yoast_head":"<!-- This site is optimized with the Yoast SEO plugin v27.0 - https:\/\/yoast.com\/product\/yoast-seo-wordpress\/ -->\n<title>Hakk\u0131m\u0131zda \u2014 Ama\u00e7, Yap\u0131 ve Yakla\u015f\u0131m<\/title>\n<meta name=\"description\" content=\"Platformun misyonu, aray\u00fcz\u00fc ve teknik temeli hakk\u0131nda kapsaml\u0131 a\u00e7\u0131klama\" \/>\n<meta name=\"robots\" content=\"index, follow, max-snippet:-1, max-image-preview:large, max-video-preview:-1\" \/>\n<link rel=\"canonical\" href=\"https:\/\/casino-bk-site34.top\/tr\/hakkimizda\/\" \/>\n<meta property=\"og:locale\" content=\"ru_RU\" \/>\n<meta property=\"og:type\" content=\"article\" \/>\n<meta property=\"og:title\" content=\"Hakk\u0131m\u0131zda \u2014 Ama\u00e7, Yap\u0131 ve Yakla\u015f\u0131m\" \/>\n<meta property=\"og:description\" content=\"Platformun misyonu, aray\u00fcz\u00fc ve teknik temeli hakk\u0131nda kapsaml\u0131 a\u00e7\u0131klama\" \/>\n<meta property=\"og:url\" content=\"https:\/\/casino-bk-site34.top\/tr\/hakkimizda\/\" \/>\n<meta property=\"og:site_name\" content=\"casino-bk-site34.top\" \/>\n<meta name=\"twitter:card\" content=\"summary_large_image\" \/>\n<meta name=\"twitter:label1\" content=\"\u041f\u0440\u0438\u043c\u0435\u0440\u043d\u043e\u0435 \u0432\u0440\u0435\u043c\u044f \u0434\u043b\u044f \u0447\u0442\u0435\u043d\u0438\u044f\" \/>\n\t<meta name=\"twitter:data1\" content=\"3 \u043c\u0438\u043d\u0443\u0442\u044b\" \/>\n<script type=\"application\/ld+json\" class=\"yoast-schema-graph\">{\"@context\":\"https:\/\/schema.org\",\"@graph\":[{\"@type\":\"WebPage\",\"@id\":\"https:\/\/casino-bk-site34.top\/tr\/hakkimizda\/\",\"url\":\"https:\/\/casino-bk-site34.top\/tr\/hakkimizda\/\",\"name\":\"Hakk\u0131m\u0131zda \u2014 Ama\u00e7, Yap\u0131 ve Yakla\u015f\u0131m\",\"isPartOf\":{\"@id\":\"https:\/\/casino-bk-site34.top\/#website\"},\"datePublished\":\"2025-12-21T11:54:10+00:00\",\"description\":\"Platformun misyonu, aray\u00fcz\u00fc ve teknik temeli hakk\u0131nda kapsaml\u0131 a\u00e7\u0131klama\",\"breadcrumb\":{\"@id\":\"https:\/\/casino-bk-site34.top\/tr\/hakkimizda\/#breadcrumb\"},\"inLanguage\":\"ru-RU\",\"potentialAction\":[{\"@type\":\"ReadAction\",\"target\":[\"https:\/\/casino-bk-site34.top\/tr\/hakkimizda\/\"]}]},{\"@type\":\"BreadcrumbList\",\"@id\":\"https:\/\/casino-bk-site34.top\/tr\/hakkimizda\/#breadcrumb\",\"itemListElement\":[{\"@type\":\"ListItem\",\"position\":1,\"name\":\"\u0413\u043b\u0430\u0432\u043d\u0430\u044f \u0441\u0442\u0440\u0430\u043d\u0438\u0446\u0430\",\"item\":\"https:\/\/casino-bk-site34.top\/ru\/\"},{\"@type\":\"ListItem\",\"position\":2,\"name\":\"Hakk\u0131m\u0131zda\"}]},{\"@type\":\"WebSite\",\"@id\":\"https:\/\/casino-bk-site34.top\/#website\",\"url\":\"https:\/\/casino-bk-site34.top\/\",\"name\":\"casino-bk-site34.top\",\"description\":\"\",\"publisher\":{\"@id\":\"https:\/\/casino-bk-site34.top\/#organization\"},\"potentialAction\":[{\"@type\":\"SearchAction\",\"target\":{\"@type\":\"EntryPoint\",\"urlTemplate\":\"https:\/\/casino-bk-site34.top\/?s={search_term_string}\"},\"query-input\":{\"@type\":\"PropertyValueSpecification\",\"valueRequired\":true,\"valueName\":\"search_term_string\"}}],\"inLanguage\":\"ru-RU\"},{\"@type\":\"Organization\",\"@id\":\"https:\/\/casino-bk-site34.top\/#organization\",\"name\":\"casino-bk-site34.top\",\"url\":\"https:\/\/casino-bk-site34.top\/\",\"logo\":{\"@type\":\"ImageObject\",\"inLanguage\":\"ru-RU\",\"@id\":\"https:\/\/casino-bk-site34.top\/#\/schema\/logo\/image\/\",\"url\":\"https:\/\/casino-bk-site34.top\/wp-content\/uploads\/2025\/11\/cropped-favicon-2.webp\",\"contentUrl\":\"https:\/\/casino-bk-site34.top\/wp-content\/uploads\/2025\/11\/cropped-favicon-2.webp\",\"width\":512,\"height\":512,\"caption\":\"casino-bk-site34.top\"},\"image\":{\"@id\":\"https:\/\/casino-bk-site34.top\/#\/schema\/logo\/image\/\"}}]}<\/script>\n<!-- \/ Yoast SEO plugin. -->","yoast_head_json":{"title":"Hakk\u0131m\u0131zda \u2014 Ama\u00e7, Yap\u0131 ve Yakla\u015f\u0131m","description":"Platformun misyonu, aray\u00fcz\u00fc ve teknik temeli hakk\u0131nda kapsaml\u0131 a\u00e7\u0131klama","robots":{"index":"index","follow":"follow","max-snippet":"max-snippet:-1","max-image-preview":"max-image-preview:large","max-video-preview":"max-video-preview:-1"},"canonical":"https:\/\/casino-bk-site34.top\/tr\/hakkimizda\/","og_locale":"ru_RU","og_type":"article","og_title":"Hakk\u0131m\u0131zda \u2014 Ama\u00e7, Yap\u0131 ve Yakla\u015f\u0131m","og_description":"Platformun misyonu, aray\u00fcz\u00fc ve teknik temeli hakk\u0131nda kapsaml\u0131 a\u00e7\u0131klama","og_url":"https:\/\/casino-bk-site34.top\/tr\/hakkimizda\/","og_site_name":"casino-bk-site34.top","twitter_card":"summary_large_image","twitter_misc":{"\u041f\u0440\u0438\u043c\u0435\u0440\u043d\u043e\u0435 \u0432\u0440\u0435\u043c\u044f \u0434\u043b\u044f \u0447\u0442\u0435\u043d\u0438\u044f":"3 \u043c\u0438\u043d\u0443\u0442\u044b"},"schema":{"@context":"https:\/\/schema.org","@graph":[{"@type":"WebPage","@id":"https:\/\/casino-bk-site34.top\/tr\/hakkimizda\/","url":"https:\/\/casino-bk-site34.top\/tr\/hakkimizda\/","name":"Hakk\u0131m\u0131zda \u2014 Ama\u00e7, Yap\u0131 ve Yakla\u015f\u0131m","isPartOf":{"@id":"https:\/\/casino-bk-site34.top\/#website"},"datePublished":"2025-12-21T11:54:10+00:00","description":"Platformun misyonu, aray\u00fcz\u00fc ve teknik temeli hakk\u0131nda kapsaml\u0131 a\u00e7\u0131klama","breadcrumb":{"@id":"https:\/\/casino-bk-site34.top\/tr\/hakkimizda\/#breadcrumb"},"inLanguage":"ru-RU","potentialAction":[{"@type":"ReadAction","target":["https:\/\/casino-bk-site34.top\/tr\/hakkimizda\/"]}]},{"@type":"BreadcrumbList","@id":"https:\/\/casino-bk-site34.top\/tr\/hakkimizda\/#breadcrumb","itemListElement":[{"@type":"ListItem","position":1,"name":"\u0413\u043b\u0430\u0432\u043d\u0430\u044f \u0441\u0442\u0440\u0430\u043d\u0438\u0446\u0430","item":"https:\/\/casino-bk-site34.top\/ru\/"},{"@type":"ListItem","position":2,"name":"Hakk\u0131m\u0131zda"}]},{"@type":"WebSite","@id":"https:\/\/casino-bk-site34.top\/#website","url":"https:\/\/casino-bk-site34.top\/","name":"casino-bk-site34.top","description":"","publisher":{"@id":"https:\/\/casino-bk-site34.top\/#organization"},"potentialAction":[{"@type":"SearchAction","target":{"@type":"EntryPoint","urlTemplate":"https:\/\/casino-bk-site34.top\/?s={search_term_string}"},"query-input":{"@type":"PropertyValueSpecification","valueRequired":true,"valueName":"search_term_string"}}],"inLanguage":"ru-RU"},{"@type":"Organization","@id":"https:\/\/casino-bk-site34.top\/#organization","name":"casino-bk-site34.top","url":"https:\/\/casino-bk-site34.top\/","logo":{"@type":"ImageObject","inLanguage":"ru-RU","@id":"https:\/\/casino-bk-site34.top\/#\/schema\/logo\/image\/","url":"https:\/\/casino-bk-site34.top\/wp-content\/uploads\/2025\/11\/cropped-favicon-2.webp","contentUrl":"https:\/\/casino-bk-site34.top\/wp-content\/uploads\/2025\/11\/cropped-favicon-2.webp","width":512,"height":512,"caption":"casino-bk-site34.top"},"image":{"@id":"https:\/\/casino-bk-site34.top\/#\/schema\/logo\/image\/"}}]}},"amp_enabled":true,"_links":{"self":[{"href":"https:\/\/casino-bk-site34.top\/wp-json\/wp\/v2\/pages\/2643","targetHints":{"allow":["GET"]}}],"collection":[{"href":"https:\/\/casino-bk-site34.top\/wp-json\/wp\/v2\/pages"}],"about":[{"href":"https:\/\/casino-bk-site34.top\/wp-json\/wp\/v2\/types\/page"}],"author":[{"embeddable":true,"href":"https:\/\/casino-bk-site34.top\/wp-json\/wp\/v2\/users\/1"}],"replies":[{"embeddable":true,"href":"https:\/\/casino-bk-site34.top\/wp-json\/wp\/v2\/comments?post=2643"}],"version-history":[{"count":1,"href":"https:\/\/casino-bk-site34.top\/wp-json\/wp\/v2\/pages\/2643\/revisions"}],"predecessor-version":[{"id":2644,"href":"https:\/\/casino-bk-site34.top\/wp-json\/wp\/v2\/pages\/2643\/revisions\/2644"}],"wp:attachment":[{"href":"https:\/\/casino-bk-site34.top\/wp-json\/wp\/v2\/media?parent=2643"}],"curies":[{"name":"wp","href":"https:\/\/api.w.org\/{rel}","templated":true}]}}