{"id":2645,"date":"2025-12-21T13:54:43","date_gmt":"2025-12-21T11:54:43","guid":{"rendered":"https:\/\/casino-bk-site34.top\/?page_id=2645"},"modified":"2025-12-21T18:08:31","modified_gmt":"2025-12-21T16:08:31","slug":"iletisim-bilgileri","status":"publish","type":"page","link":"https:\/\/casino-bk-site34.top\/tr\/iletisim-bilgileri\/","title":{"rendered":"\u0130LET\u0130\u015e\u0130M B\u0130LG\u0130LER\u0130"},"content":{"rendered":"<h1>\u0130LET\u0130\u015e\u0130M B\u0130LG\u0130LER\u0130<\/h1>\n<p>Kullan\u0131c\u0131lar, teknik yard\u0131m, hesapla ilgili sorular, \u00f6zellik a\u00e7\u0131klamalar\u0131 veya i\u015f birli\u011fi teklifleri i\u00e7in destek ekibiyle ileti\u015fime ge\u00e7ebilirler. Destek departman\u0131, net ileti\u015fim, h\u0131zl\u0131 yan\u0131t ve dijital g\u00fcvenlik standartlar\u0131na tam uyum sa\u011flar.<\/p>\n<p><strong data-start=\"65\" data-end=\"76\">E-po\u00e7t:<\/strong><\/p>\n<p><a class=\"decorated-link cursor-pointer\" rel=\"noopener\" data-start=\"77\" data-end=\"98\">info@ekitaplaroku.com<\/a><\/p>\n<p><br data-start=\"98\" data-end=\"101\" \/><strong data-start=\"101\" data-end=\"113\">Telefon:<\/strong><\/p>\n<p>+994 51 822 14 96<\/p>\n<p><br data-start=\"131\" data-end=\"134\" \/><strong data-start=\"134\" data-end=\"144\">\u00dcnvan:<\/strong><\/p>\n<p>Nizami k\u00fc\u00e7\u0259si 203B, Bak\u0131 1000, Az\u0259rbaycan<\/p>\n","protected":false},"excerpt":{"rendered":"<p>\u0130LET\u0130\u015e\u0130M B\u0130LG\u0130LER\u0130 Kullan\u0131c\u0131lar, teknik yard\u0131m, hesapla ilgili sorular, \u00f6zellik a\u00e7\u0131klamalar\u0131 veya i\u015f birli\u011fi teklifleri i\u00e7in destek ekibiyle ileti\u015fime ge\u00e7ebilirler. Destek departman\u0131, net ileti\u015fim, h\u0131zl\u0131 yan\u0131t ve dijital g\u00fcvenlik standartlar\u0131na tam uyum sa\u011flar. E-po\u00e7t: info@ekitaplaroku.com Telefon: +994 51 822 14 96 \u00dcnvan: Nizami k\u00fc\u00e7\u0259si 203B, Bak\u0131 1000, Az\u0259rbaycan<\/p>\n","protected":false},"author":1,"featured_media":0,"parent":0,"menu_order":0,"comment_status":"closed","ping_status":"closed","template":"","meta":{"_acf_changed":false,"footnotes":""},"class_list":["post-2645","page","type-page","status-publish","hentry"],"acf":[],"yoast_head":"<!-- This site is optimized with the Yoast SEO plugin v27.0 - https:\/\/yoast.com\/product\/yoast-seo-wordpress\/ -->\n<title>1xbet | \u0130LET\u0130\u015e\u0130M B\u0130LG\u0130LER\u0130<\/title>\n<meta name=\"robots\" content=\"index, follow, max-snippet:-1, max-image-preview:large, max-video-preview:-1\" \/>\n<link rel=\"canonical\" href=\"https:\/\/casino-bk-site34.top\/tr\/iletisim-bilgileri\/\" \/>\n<meta property=\"og:locale\" content=\"ru_RU\" \/>\n<meta property=\"og:type\" content=\"article\" \/>\n<meta property=\"og:title\" content=\"1xbet | \u0130LET\u0130\u015e\u0130M B\u0130LG\u0130LER\u0130\" \/>\n<meta property=\"og:description\" content=\"\u0130LET\u0130\u015e\u0130M B\u0130LG\u0130LER\u0130 Kullan\u0131c\u0131lar, teknik yard\u0131m, hesapla ilgili sorular, \u00f6zellik a\u00e7\u0131klamalar\u0131 veya i\u015f birli\u011fi teklifleri i\u00e7in destek ekibiyle ileti\u015fime ge\u00e7ebilirler. Destek departman\u0131, net ileti\u015fim, h\u0131zl\u0131 yan\u0131t ve dijital g\u00fcvenlik standartlar\u0131na tam uyum sa\u011flar. E-po\u00e7t: info@ekitaplaroku.com Telefon: +994 51 822 14 96 \u00dcnvan: Nizami k\u00fc\u00e7\u0259si 203B, Bak\u0131 1000, Az\u0259rbaycan\" \/>\n<meta property=\"og:url\" content=\"https:\/\/casino-bk-site34.top\/tr\/iletisim-bilgileri\/\" \/>\n<meta property=\"og:site_name\" content=\"casino-bk-site34.top\" \/>\n<meta property=\"article:modified_time\" content=\"2025-12-21T16:08:31+00:00\" \/>\n<meta name=\"twitter:card\" content=\"summary_large_image\" \/>\n<meta name=\"twitter:label1\" content=\"\u041f\u0440\u0438\u043c\u0435\u0440\u043d\u043e\u0435 \u0432\u0440\u0435\u043c\u044f \u0434\u043b\u044f \u0447\u0442\u0435\u043d\u0438\u044f\" \/>\n\t<meta name=\"twitter:data1\" content=\"1 \u043c\u0438\u043d\u0443\u0442\u0430\" \/>\n<script type=\"application\/ld+json\" class=\"yoast-schema-graph\">{\"@context\":\"https:\/\/schema.org\",\"@graph\":[{\"@type\":\"WebPage\",\"@id\":\"https:\/\/casino-bk-site34.top\/tr\/iletisim-bilgileri\/\",\"url\":\"https:\/\/casino-bk-site34.top\/tr\/iletisim-bilgileri\/\",\"name\":\"1xbet | \u0130LET\u0130\u015e\u0130M B\u0130LG\u0130LER\u0130\",\"isPartOf\":{\"@id\":\"https:\/\/casino-bk-site34.top\/#website\"},\"datePublished\":\"2025-12-21T11:54:43+00:00\",\"dateModified\":\"2025-12-21T16:08:31+00:00\",\"breadcrumb\":{\"@id\":\"https:\/\/casino-bk-site34.top\/tr\/iletisim-bilgileri\/#breadcrumb\"},\"inLanguage\":\"ru-RU\",\"potentialAction\":[{\"@type\":\"ReadAction\",\"target\":[\"https:\/\/casino-bk-site34.top\/tr\/iletisim-bilgileri\/\"]}]},{\"@type\":\"BreadcrumbList\",\"@id\":\"https:\/\/casino-bk-site34.top\/tr\/iletisim-bilgileri\/#breadcrumb\",\"itemListElement\":[{\"@type\":\"ListItem\",\"position\":1,\"name\":\"\u0413\u043b\u0430\u0432\u043d\u0430\u044f \u0441\u0442\u0440\u0430\u043d\u0438\u0446\u0430\",\"item\":\"https:\/\/casino-bk-site34.top\/ru\/\"},{\"@type\":\"ListItem\",\"position\":2,\"name\":\"\u0130LET\u0130\u015e\u0130M B\u0130LG\u0130LER\u0130\"}]},{\"@type\":\"WebSite\",\"@id\":\"https:\/\/casino-bk-site34.top\/#website\",\"url\":\"https:\/\/casino-bk-site34.top\/\",\"name\":\"casino-bk-site34.top\",\"description\":\"\",\"publisher\":{\"@id\":\"https:\/\/casino-bk-site34.top\/#organization\"},\"potentialAction\":[{\"@type\":\"SearchAction\",\"target\":{\"@type\":\"EntryPoint\",\"urlTemplate\":\"https:\/\/casino-bk-site34.top\/?s={search_term_string}\"},\"query-input\":{\"@type\":\"PropertyValueSpecification\",\"valueRequired\":true,\"valueName\":\"search_term_string\"}}],\"inLanguage\":\"ru-RU\"},{\"@type\":\"Organization\",\"@id\":\"https:\/\/casino-bk-site34.top\/#organization\",\"name\":\"casino-bk-site34.top\",\"url\":\"https:\/\/casino-bk-site34.top\/\",\"logo\":{\"@type\":\"ImageObject\",\"inLanguage\":\"ru-RU\",\"@id\":\"https:\/\/casino-bk-site34.top\/#\/schema\/logo\/image\/\",\"url\":\"https:\/\/casino-bk-site34.top\/wp-content\/uploads\/2025\/11\/cropped-favicon-2.webp\",\"contentUrl\":\"https:\/\/casino-bk-site34.top\/wp-content\/uploads\/2025\/11\/cropped-favicon-2.webp\",\"width\":512,\"height\":512,\"caption\":\"casino-bk-site34.top\"},\"image\":{\"@id\":\"https:\/\/casino-bk-site34.top\/#\/schema\/logo\/image\/\"}}]}<\/script>\n<!-- \/ Yoast SEO plugin. -->","yoast_head_json":{"title":"1xbet | \u0130LET\u0130\u015e\u0130M B\u0130LG\u0130LER\u0130","robots":{"index":"index","follow":"follow","max-snippet":"max-snippet:-1","max-image-preview":"max-image-preview:large","max-video-preview":"max-video-preview:-1"},"canonical":"https:\/\/casino-bk-site34.top\/tr\/iletisim-bilgileri\/","og_locale":"ru_RU","og_type":"article","og_title":"1xbet | \u0130LET\u0130\u015e\u0130M B\u0130LG\u0130LER\u0130","og_description":"\u0130LET\u0130\u015e\u0130M B\u0130LG\u0130LER\u0130 Kullan\u0131c\u0131lar, teknik yard\u0131m, hesapla ilgili sorular, \u00f6zellik a\u00e7\u0131klamalar\u0131 veya i\u015f birli\u011fi teklifleri i\u00e7in destek ekibiyle ileti\u015fime ge\u00e7ebilirler. Destek departman\u0131, net ileti\u015fim, h\u0131zl\u0131 yan\u0131t ve dijital g\u00fcvenlik standartlar\u0131na tam uyum sa\u011flar. E-po\u00e7t: info@ekitaplaroku.com Telefon: +994 51 822 14 96 \u00dcnvan: Nizami k\u00fc\u00e7\u0259si 203B, Bak\u0131 1000, Az\u0259rbaycan","og_url":"https:\/\/casino-bk-site34.top\/tr\/iletisim-bilgileri\/","og_site_name":"casino-bk-site34.top","article_modified_time":"2025-12-21T16:08:31+00:00","twitter_card":"summary_large_image","twitter_misc":{"\u041f\u0440\u0438\u043c\u0435\u0440\u043d\u043e\u0435 \u0432\u0440\u0435\u043c\u044f \u0434\u043b\u044f \u0447\u0442\u0435\u043d\u0438\u044f":"1 \u043c\u0438\u043d\u0443\u0442\u0430"},"schema":{"@context":"https:\/\/schema.org","@graph":[{"@type":"WebPage","@id":"https:\/\/casino-bk-site34.top\/tr\/iletisim-bilgileri\/","url":"https:\/\/casino-bk-site34.top\/tr\/iletisim-bilgileri\/","name":"1xbet | \u0130LET\u0130\u015e\u0130M B\u0130LG\u0130LER\u0130","isPartOf":{"@id":"https:\/\/casino-bk-site34.top\/#website"},"datePublished":"2025-12-21T11:54:43+00:00","dateModified":"2025-12-21T16:08:31+00:00","breadcrumb":{"@id":"https:\/\/casino-bk-site34.top\/tr\/iletisim-bilgileri\/#breadcrumb"},"inLanguage":"ru-RU","potentialAction":[{"@type":"ReadAction","target":["https:\/\/casino-bk-site34.top\/tr\/iletisim-bilgileri\/"]}]},{"@type":"BreadcrumbList","@id":"https:\/\/casino-bk-site34.top\/tr\/iletisim-bilgileri\/#breadcrumb","itemListElement":[{"@type":"ListItem","position":1,"name":"\u0413\u043b\u0430\u0432\u043d\u0430\u044f \u0441\u0442\u0440\u0430\u043d\u0438\u0446\u0430","item":"https:\/\/casino-bk-site34.top\/ru\/"},{"@type":"ListItem","position":2,"name":"\u0130LET\u0130\u015e\u0130M B\u0130LG\u0130LER\u0130"}]},{"@type":"WebSite","@id":"https:\/\/casino-bk-site34.top\/#website","url":"https:\/\/casino-bk-site34.top\/","name":"casino-bk-site34.top","description":"","publisher":{"@id":"https:\/\/casino-bk-site34.top\/#organization"},"potentialAction":[{"@type":"SearchAction","target":{"@type":"EntryPoint","urlTemplate":"https:\/\/casino-bk-site34.top\/?s={search_term_string}"},"query-input":{"@type":"PropertyValueSpecification","valueRequired":true,"valueName":"search_term_string"}}],"inLanguage":"ru-RU"},{"@type":"Organization","@id":"https:\/\/casino-bk-site34.top\/#organization","name":"casino-bk-site34.top","url":"https:\/\/casino-bk-site34.top\/","logo":{"@type":"ImageObject","inLanguage":"ru-RU","@id":"https:\/\/casino-bk-site34.top\/#\/schema\/logo\/image\/","url":"https:\/\/casino-bk-site34.top\/wp-content\/uploads\/2025\/11\/cropped-favicon-2.webp","contentUrl":"https:\/\/casino-bk-site34.top\/wp-content\/uploads\/2025\/11\/cropped-favicon-2.webp","width":512,"height":512,"caption":"casino-bk-site34.top"},"image":{"@id":"https:\/\/casino-bk-site34.top\/#\/schema\/logo\/image\/"}}]}},"amp_enabled":true,"_links":{"self":[{"href":"https:\/\/casino-bk-site34.top\/wp-json\/wp\/v2\/pages\/2645","targetHints":{"allow":["GET"]}}],"collection":[{"href":"https:\/\/casino-bk-site34.top\/wp-json\/wp\/v2\/pages"}],"about":[{"href":"https:\/\/casino-bk-site34.top\/wp-json\/wp\/v2\/types\/page"}],"author":[{"embeddable":true,"href":"https:\/\/casino-bk-site34.top\/wp-json\/wp\/v2\/users\/1"}],"replies":[{"embeddable":true,"href":"https:\/\/casino-bk-site34.top\/wp-json\/wp\/v2\/comments?post=2645"}],"version-history":[{"count":2,"href":"https:\/\/casino-bk-site34.top\/wp-json\/wp\/v2\/pages\/2645\/revisions"}],"predecessor-version":[{"id":2657,"href":"https:\/\/casino-bk-site34.top\/wp-json\/wp\/v2\/pages\/2645\/revisions\/2657"}],"wp:attachment":[{"href":"https:\/\/casino-bk-site34.top\/wp-json\/wp\/v2\/media?parent=2645"}],"curies":[{"name":"wp","href":"https:\/\/api.w.org\/{rel}","templated":true}]}}