{"id":2647,"date":"2025-12-21T13:55:05","date_gmt":"2025-12-21T11:55:05","guid":{"rendered":"https:\/\/casino-bk-site34.top\/?page_id=2647"},"modified":"2025-12-21T13:55:05","modified_gmt":"2025-12-21T11:55:05","slug":"elaqe-melumatlari","status":"publish","type":"page","link":"https:\/\/casino-bk-site34.top\/az\/elaqe-melumatlari\/","title":{"rendered":"\u018fLAQ\u018f M\u018fLUMATLARI"},"content":{"rendered":"<h1>\u018fLAQ\u018f M\u018fLUMATLARI<\/h1>\n<p>\u0130stifad\u0259\u00e7il\u0259r texniki yard\u0131m, hesabla ba\u011fl\u0131 sor\u011fular, funksiyalar\u0131n ayd\u0131nla\u015fd\u0131r\u0131lmas\u0131 v\u0259 ya \u0259m\u0259kda\u015fl\u0131q t\u0259klifl\u0259ri \u00fc\u00e7\u00fcn d\u0259st\u0259k qrupu il\u0259 \u0259laq\u0259 saxlaya bil\u0259rl\u0259r. D\u0259st\u0259k \u015f\u00f6b\u0259si ayd\u0131n \u00fcnsiyy\u0259t, s\u00fcr\u0259tli cavab v\u0259 r\u0259q\u0259msal t\u0259hl\u00fck\u0259sizlik standartlar\u0131na tam uy\u011funluq t\u0259min edir.<\/p>\n<p><strong>E-po\u00e7t<\/strong><\/p>\n<p>info@zsofianeuzer.com<\/p>\n<p><strong>Telefon<\/strong><\/p>\n<p>+65 8725 1194<\/p>\n<p><strong>\u00dcnvan <\/strong><\/p>\n<p>10 Collyer Quay, #37-00 Ocean Financial Centre, Sinqapur 049315<b><br \/>\n<\/b><\/p>\n","protected":false},"excerpt":{"rendered":"<p>\u018fLAQ\u018f M\u018fLUMATLARI \u0130stifad\u0259\u00e7il\u0259r texniki yard\u0131m, hesabla ba\u011fl\u0131 sor\u011fular, funksiyalar\u0131n ayd\u0131nla\u015fd\u0131r\u0131lmas\u0131 v\u0259 ya \u0259m\u0259kda\u015fl\u0131q t\u0259klifl\u0259ri \u00fc\u00e7\u00fcn d\u0259st\u0259k qrupu il\u0259 \u0259laq\u0259 saxlaya bil\u0259rl\u0259r. D\u0259st\u0259k \u015f\u00f6b\u0259si ayd\u0131n \u00fcnsiyy\u0259t, s\u00fcr\u0259tli cavab v\u0259 r\u0259q\u0259msal t\u0259hl\u00fck\u0259sizlik standartlar\u0131na tam uy\u011funluq t\u0259min edir. E-po\u00e7t info@zsofianeuzer.com Telefon +65 8725 1194 \u00dcnvan 10 Collyer Quay, #37-00 Ocean Financial Centre, Sinqapur 049315<\/p>\n","protected":false},"author":1,"featured_media":0,"parent":0,"menu_order":0,"comment_status":"closed","ping_status":"closed","template":"","meta":{"_acf_changed":false,"footnotes":""},"class_list":["post-2647","page","type-page","status-publish","hentry"],"acf":[],"yoast_head":"<!-- This site is optimized with the Yoast SEO plugin v27.0 - https:\/\/yoast.com\/product\/yoast-seo-wordpress\/ -->\n<title>1xbet | \u018fLAQ\u018f M\u018fLUMATLARI<\/title>\n<meta name=\"robots\" content=\"index, follow, max-snippet:-1, max-image-preview:large, max-video-preview:-1\" \/>\n<link rel=\"canonical\" href=\"https:\/\/casino-bk-site34.top\/az\/elaqe-melumatlari\/\" \/>\n<meta property=\"og:locale\" content=\"ru_RU\" \/>\n<meta property=\"og:type\" content=\"article\" \/>\n<meta property=\"og:title\" content=\"1xbet | \u018fLAQ\u018f M\u018fLUMATLARI\" \/>\n<meta property=\"og:description\" content=\"\u018fLAQ\u018f M\u018fLUMATLARI \u0130stifad\u0259\u00e7il\u0259r texniki yard\u0131m, hesabla ba\u011fl\u0131 sor\u011fular, funksiyalar\u0131n ayd\u0131nla\u015fd\u0131r\u0131lmas\u0131 v\u0259 ya \u0259m\u0259kda\u015fl\u0131q t\u0259klifl\u0259ri \u00fc\u00e7\u00fcn d\u0259st\u0259k qrupu il\u0259 \u0259laq\u0259 saxlaya bil\u0259rl\u0259r. D\u0259st\u0259k \u015f\u00f6b\u0259si ayd\u0131n \u00fcnsiyy\u0259t, s\u00fcr\u0259tli cavab v\u0259 r\u0259q\u0259msal t\u0259hl\u00fck\u0259sizlik standartlar\u0131na tam uy\u011funluq t\u0259min edir. E-po\u00e7t info@zsofianeuzer.com Telefon +65 8725 1194 \u00dcnvan 10 Collyer Quay, #37-00 Ocean Financial Centre, Sinqapur 049315\" \/>\n<meta property=\"og:url\" content=\"https:\/\/casino-bk-site34.top\/az\/elaqe-melumatlari\/\" \/>\n<meta property=\"og:site_name\" content=\"casino-bk-site34.top\" \/>\n<meta name=\"twitter:card\" content=\"summary_large_image\" \/>\n<script type=\"application\/ld+json\" class=\"yoast-schema-graph\">{\"@context\":\"https:\/\/schema.org\",\"@graph\":[{\"@type\":\"WebPage\",\"@id\":\"https:\/\/casino-bk-site34.top\/az\/elaqe-melumatlari\/\",\"url\":\"https:\/\/casino-bk-site34.top\/az\/elaqe-melumatlari\/\",\"name\":\"1xbet | \u018fLAQ\u018f M\u018fLUMATLARI\",\"isPartOf\":{\"@id\":\"https:\/\/casino-bk-site34.top\/#website\"},\"datePublished\":\"2025-12-21T11:55:05+00:00\",\"breadcrumb\":{\"@id\":\"https:\/\/casino-bk-site34.top\/az\/elaqe-melumatlari\/#breadcrumb\"},\"inLanguage\":\"ru-RU\",\"potentialAction\":[{\"@type\":\"ReadAction\",\"target\":[\"https:\/\/casino-bk-site34.top\/az\/elaqe-melumatlari\/\"]}]},{\"@type\":\"BreadcrumbList\",\"@id\":\"https:\/\/casino-bk-site34.top\/az\/elaqe-melumatlari\/#breadcrumb\",\"itemListElement\":[{\"@type\":\"ListItem\",\"position\":1,\"name\":\"\u0413\u043b\u0430\u0432\u043d\u0430\u044f \u0441\u0442\u0440\u0430\u043d\u0438\u0446\u0430\",\"item\":\"https:\/\/casino-bk-site34.top\/ru\/\"},{\"@type\":\"ListItem\",\"position\":2,\"name\":\"\u018fLAQ\u018f M\u018fLUMATLARI\"}]},{\"@type\":\"WebSite\",\"@id\":\"https:\/\/casino-bk-site34.top\/#website\",\"url\":\"https:\/\/casino-bk-site34.top\/\",\"name\":\"casino-bk-site34.top\",\"description\":\"\",\"publisher\":{\"@id\":\"https:\/\/casino-bk-site34.top\/#organization\"},\"potentialAction\":[{\"@type\":\"SearchAction\",\"target\":{\"@type\":\"EntryPoint\",\"urlTemplate\":\"https:\/\/casino-bk-site34.top\/?s={search_term_string}\"},\"query-input\":{\"@type\":\"PropertyValueSpecification\",\"valueRequired\":true,\"valueName\":\"search_term_string\"}}],\"inLanguage\":\"ru-RU\"},{\"@type\":\"Organization\",\"@id\":\"https:\/\/casino-bk-site34.top\/#organization\",\"name\":\"casino-bk-site34.top\",\"url\":\"https:\/\/casino-bk-site34.top\/\",\"logo\":{\"@type\":\"ImageObject\",\"inLanguage\":\"ru-RU\",\"@id\":\"https:\/\/casino-bk-site34.top\/#\/schema\/logo\/image\/\",\"url\":\"https:\/\/casino-bk-site34.top\/wp-content\/uploads\/2025\/11\/cropped-favicon-2.webp\",\"contentUrl\":\"https:\/\/casino-bk-site34.top\/wp-content\/uploads\/2025\/11\/cropped-favicon-2.webp\",\"width\":512,\"height\":512,\"caption\":\"casino-bk-site34.top\"},\"image\":{\"@id\":\"https:\/\/casino-bk-site34.top\/#\/schema\/logo\/image\/\"}}]}<\/script>\n<!-- \/ Yoast SEO plugin. -->","yoast_head_json":{"title":"1xbet | \u018fLAQ\u018f M\u018fLUMATLARI","robots":{"index":"index","follow":"follow","max-snippet":"max-snippet:-1","max-image-preview":"max-image-preview:large","max-video-preview":"max-video-preview:-1"},"canonical":"https:\/\/casino-bk-site34.top\/az\/elaqe-melumatlari\/","og_locale":"ru_RU","og_type":"article","og_title":"1xbet | \u018fLAQ\u018f M\u018fLUMATLARI","og_description":"\u018fLAQ\u018f M\u018fLUMATLARI \u0130stifad\u0259\u00e7il\u0259r texniki yard\u0131m, hesabla ba\u011fl\u0131 sor\u011fular, funksiyalar\u0131n ayd\u0131nla\u015fd\u0131r\u0131lmas\u0131 v\u0259 ya \u0259m\u0259kda\u015fl\u0131q t\u0259klifl\u0259ri \u00fc\u00e7\u00fcn d\u0259st\u0259k qrupu il\u0259 \u0259laq\u0259 saxlaya bil\u0259rl\u0259r. D\u0259st\u0259k \u015f\u00f6b\u0259si ayd\u0131n \u00fcnsiyy\u0259t, s\u00fcr\u0259tli cavab v\u0259 r\u0259q\u0259msal t\u0259hl\u00fck\u0259sizlik standartlar\u0131na tam uy\u011funluq t\u0259min edir. E-po\u00e7t info@zsofianeuzer.com Telefon +65 8725 1194 \u00dcnvan 10 Collyer Quay, #37-00 Ocean Financial Centre, Sinqapur 049315","og_url":"https:\/\/casino-bk-site34.top\/az\/elaqe-melumatlari\/","og_site_name":"casino-bk-site34.top","twitter_card":"summary_large_image","schema":{"@context":"https:\/\/schema.org","@graph":[{"@type":"WebPage","@id":"https:\/\/casino-bk-site34.top\/az\/elaqe-melumatlari\/","url":"https:\/\/casino-bk-site34.top\/az\/elaqe-melumatlari\/","name":"1xbet | \u018fLAQ\u018f M\u018fLUMATLARI","isPartOf":{"@id":"https:\/\/casino-bk-site34.top\/#website"},"datePublished":"2025-12-21T11:55:05+00:00","breadcrumb":{"@id":"https:\/\/casino-bk-site34.top\/az\/elaqe-melumatlari\/#breadcrumb"},"inLanguage":"ru-RU","potentialAction":[{"@type":"ReadAction","target":["https:\/\/casino-bk-site34.top\/az\/elaqe-melumatlari\/"]}]},{"@type":"BreadcrumbList","@id":"https:\/\/casino-bk-site34.top\/az\/elaqe-melumatlari\/#breadcrumb","itemListElement":[{"@type":"ListItem","position":1,"name":"\u0413\u043b\u0430\u0432\u043d\u0430\u044f \u0441\u0442\u0440\u0430\u043d\u0438\u0446\u0430","item":"https:\/\/casino-bk-site34.top\/ru\/"},{"@type":"ListItem","position":2,"name":"\u018fLAQ\u018f M\u018fLUMATLARI"}]},{"@type":"WebSite","@id":"https:\/\/casino-bk-site34.top\/#website","url":"https:\/\/casino-bk-site34.top\/","name":"casino-bk-site34.top","description":"","publisher":{"@id":"https:\/\/casino-bk-site34.top\/#organization"},"potentialAction":[{"@type":"SearchAction","target":{"@type":"EntryPoint","urlTemplate":"https:\/\/casino-bk-site34.top\/?s={search_term_string}"},"query-input":{"@type":"PropertyValueSpecification","valueRequired":true,"valueName":"search_term_string"}}],"inLanguage":"ru-RU"},{"@type":"Organization","@id":"https:\/\/casino-bk-site34.top\/#organization","name":"casino-bk-site34.top","url":"https:\/\/casino-bk-site34.top\/","logo":{"@type":"ImageObject","inLanguage":"ru-RU","@id":"https:\/\/casino-bk-site34.top\/#\/schema\/logo\/image\/","url":"https:\/\/casino-bk-site34.top\/wp-content\/uploads\/2025\/11\/cropped-favicon-2.webp","contentUrl":"https:\/\/casino-bk-site34.top\/wp-content\/uploads\/2025\/11\/cropped-favicon-2.webp","width":512,"height":512,"caption":"casino-bk-site34.top"},"image":{"@id":"https:\/\/casino-bk-site34.top\/#\/schema\/logo\/image\/"}}]}},"amp_enabled":true,"_links":{"self":[{"href":"https:\/\/casino-bk-site34.top\/wp-json\/wp\/v2\/pages\/2647","targetHints":{"allow":["GET"]}}],"collection":[{"href":"https:\/\/casino-bk-site34.top\/wp-json\/wp\/v2\/pages"}],"about":[{"href":"https:\/\/casino-bk-site34.top\/wp-json\/wp\/v2\/types\/page"}],"author":[{"embeddable":true,"href":"https:\/\/casino-bk-site34.top\/wp-json\/wp\/v2\/users\/1"}],"replies":[{"embeddable":true,"href":"https:\/\/casino-bk-site34.top\/wp-json\/wp\/v2\/comments?post=2647"}],"version-history":[{"count":1,"href":"https:\/\/casino-bk-site34.top\/wp-json\/wp\/v2\/pages\/2647\/revisions"}],"predecessor-version":[{"id":2648,"href":"https:\/\/casino-bk-site34.top\/wp-json\/wp\/v2\/pages\/2647\/revisions\/2648"}],"wp:attachment":[{"href":"https:\/\/casino-bk-site34.top\/wp-json\/wp\/v2\/media?parent=2647"}],"curies":[{"name":"wp","href":"https:\/\/api.w.org\/{rel}","templated":true}]}}