{"id":2649,"date":"2025-12-21T13:56:11","date_gmt":"2025-12-21T11:56:11","guid":{"rendered":"https:\/\/casino-bk-site34.top\/?page_id=2649"},"modified":"2025-12-21T13:56:11","modified_gmt":"2025-12-21T11:56:11","slug":"m%c9%99suliyy%c9%99tli-oyun","status":"publish","type":"page","link":"https:\/\/casino-bk-site34.top\/az\/m%c9%99suliyy%c9%99tli-oyun\/","title":{"rendered":"M\u0259suliyy\u0259tli Oyun"},"content":{"rendered":"<h1>M\u0259suliyy\u0259tli Oyunlar\u0131n \u018fsas Prinsipl\u0259ri<\/h1>\n<h2>Diqq\u0259tli Q\u0259rar Q\u0259bulu<\/h2>\n<p>M\u0259suliyy\u0259tli oyun istifad\u0259\u00e7il\u0259ri h\u0259r\u0259k\u0259tl\u0259rind\u0259n, emosional reaksiyalar\u0131ndan v\u0259 q\u0259rarlar\u0131n verildiyi m\u00fchitd\u0259n x\u0259b\u0259rdar olma\u011fa t\u0259\u015fviq edir.<\/p>\n<h2>Vaxt\u0131n \u0130dar\u0259 Edilm\u0259si<\/h2>\n<p>\u015e\u0259xsi m\u0259hdudiyy\u0259tl\u0259r m\u00fc\u0259yy\u0259n etm\u0259k, planla\u015fd\u0131r\u0131lm\u0131\u015f fasil\u0259l\u0259r g\u00f6t\u00fcrm\u0259k v\u0259 uzun gec\u0259 sessiyalar\u0131ndan qa\u00e7\u0131nmaq \u00fcmumi r\u0259q\u0259msal rifah\u0131 yax\u015f\u0131la\u015fd\u0131r\u0131r.<\/p>\n<h2>Maliyy\u0259 M\u0259lumatl\u0131l\u0131\u011f\u0131<\/h2>\n<p>\u018fvv\u0259lc\u0259d\u0259n m\u00fc\u0259yy\u0259n edilmi\u015f x\u0259rc limitl\u0259ri, impulsiv q\u0259rarlardan qa\u00e7\u0131nmaq v\u0259 itkil\u0259rin ard\u0131nca d\u00fc\u015fm\u0259kd\u0259n \u00e7\u0259kinm\u0259k sabit maliyy\u0259 \u00e7\u0259r\u00e7iv\u0259si yarad\u0131r.<\/p>\n<h2>Emosional T\u0259nziml\u0259m\u0259<\/h2>\n<p>M\u0259yuslu\u011fun, stressin v\u0259 ya yor\u011funlu\u011fun f\u0259rqind\u0259 olmaq istifad\u0259\u00e7il\u0259r\u0259 s\u0259hv q\u0259rarlardan qa\u00e7\u0131nma\u011fa v\u0259 n\u0259zar\u0259ti qoruma\u011fa k\u00f6m\u0259k edir.<\/p>\n<h2>T\u0259hl\u00fck\u0259siz R\u0259q\u0259msal T\u0259cr\u00fcb\u0259l\u0259r<\/h2>\n<p>\u015e\u0259xsi m\u0259lumatlar\u0131n qorunmas\u0131, t\u0259hl\u00fck\u0259siz \u0259laq\u0259l\u0259rd\u0259n istifad\u0259 v\u0259 yaln\u0131z etibarl\u0131 r\u0259q\u0259msal m\u00fchitl\u0259rl\u0259 \u0259laq\u0259 qurmaq m\u0259suliyy\u0259tli oyunlar\u0131n vacib komponentl\u0259ridir.<\/p>\n","protected":false},"excerpt":{"rendered":"<p>M\u0259suliyy\u0259tli Oyunlar\u0131n \u018fsas Prinsipl\u0259ri Diqq\u0259tli Q\u0259rar Q\u0259bulu M\u0259suliyy\u0259tli oyun istifad\u0259\u00e7il\u0259ri h\u0259r\u0259k\u0259tl\u0259rind\u0259n, emosional reaksiyalar\u0131ndan v\u0259 q\u0259rarlar\u0131n verildiyi m\u00fchitd\u0259n x\u0259b\u0259rdar olma\u011fa t\u0259\u015fviq edir. Vaxt\u0131n \u0130dar\u0259 Edilm\u0259si \u015e\u0259xsi m\u0259hdudiyy\u0259tl\u0259r m\u00fc\u0259yy\u0259n etm\u0259k, planla\u015fd\u0131r\u0131lm\u0131\u015f fasil\u0259l\u0259r g\u00f6t\u00fcrm\u0259k v\u0259 uzun gec\u0259 sessiyalar\u0131ndan qa\u00e7\u0131nmaq \u00fcmumi r\u0259q\u0259msal rifah\u0131 yax\u015f\u0131la\u015fd\u0131r\u0131r. Maliyy\u0259 M\u0259lumatl\u0131l\u0131\u011f\u0131 \u018fvv\u0259lc\u0259d\u0259n m\u00fc\u0259yy\u0259n edilmi\u015f x\u0259rc limitl\u0259ri, impulsiv q\u0259rarlardan qa\u00e7\u0131nmaq v\u0259 itkil\u0259rin ard\u0131nca d\u00fc\u015fm\u0259kd\u0259n \u00e7\u0259kinm\u0259k [&hellip;]<\/p>\n","protected":false},"author":1,"featured_media":0,"parent":0,"menu_order":0,"comment_status":"closed","ping_status":"closed","template":"","meta":{"_acf_changed":false,"footnotes":""},"class_list":["post-2649","page","type-page","status-publish","hentry"],"acf":[],"yoast_head":"<!-- This site is optimized with the Yoast SEO plugin v27.0 - https:\/\/yoast.com\/product\/yoast-seo-wordpress\/ -->\n<title>M\u0259suliyy\u0259tli Oyun \u2014 T\u0259hl\u00fck\u0259siz, Balansl\u0131 v\u0259 M\u0259lumatl\u0131 R\u0259q\u0259msal Davran\u0131\u015f<\/title>\n<meta name=\"description\" content=\"Emosional m\u0259lumatl\u0131l\u0131q, vaxt m\u0259hdudiyy\u0259tl\u0259ri v\u0259 maliyy\u0259 intizam\u0131 m\u0259suliyy\u0259tli oyunlar\u0131n \u0259saslar\u0131 kimi\" \/>\n<meta name=\"robots\" content=\"index, follow, max-snippet:-1, max-image-preview:large, max-video-preview:-1\" \/>\n<link rel=\"canonical\" href=\"https:\/\/casino-bk-site34.top\/az\/m\u0259suliyy\u0259tli-oyun\/\" \/>\n<meta property=\"og:locale\" content=\"ru_RU\" \/>\n<meta property=\"og:type\" content=\"article\" \/>\n<meta property=\"og:title\" content=\"M\u0259suliyy\u0259tli Oyun \u2014 T\u0259hl\u00fck\u0259siz, Balansl\u0131 v\u0259 M\u0259lumatl\u0131 R\u0259q\u0259msal Davran\u0131\u015f\" \/>\n<meta property=\"og:description\" content=\"Emosional m\u0259lumatl\u0131l\u0131q, vaxt m\u0259hdudiyy\u0259tl\u0259ri v\u0259 maliyy\u0259 intizam\u0131 m\u0259suliyy\u0259tli oyunlar\u0131n \u0259saslar\u0131 kimi\" \/>\n<meta property=\"og:url\" content=\"https:\/\/casino-bk-site34.top\/az\/m\u0259suliyy\u0259tli-oyun\/\" \/>\n<meta property=\"og:site_name\" content=\"casino-bk-site34.top\" \/>\n<meta name=\"twitter:card\" content=\"summary_large_image\" \/>\n<meta name=\"twitter:label1\" content=\"\u041f\u0440\u0438\u043c\u0435\u0440\u043d\u043e\u0435 \u0432\u0440\u0435\u043c\u044f \u0434\u043b\u044f \u0447\u0442\u0435\u043d\u0438\u044f\" \/>\n\t<meta name=\"twitter:data1\" content=\"1 \u043c\u0438\u043d\u0443\u0442\u0430\" \/>\n<script type=\"application\/ld+json\" class=\"yoast-schema-graph\">{\"@context\":\"https:\/\/schema.org\",\"@graph\":[{\"@type\":\"WebPage\",\"@id\":\"https:\/\/casino-bk-site34.top\/az\/m%c9%99suliyy%c9%99tli-oyun\/\",\"url\":\"https:\/\/casino-bk-site34.top\/az\/m%c9%99suliyy%c9%99tli-oyun\/\",\"name\":\"M\u0259suliyy\u0259tli Oyun \u2014 T\u0259hl\u00fck\u0259siz, Balansl\u0131 v\u0259 M\u0259lumatl\u0131 R\u0259q\u0259msal Davran\u0131\u015f\",\"isPartOf\":{\"@id\":\"https:\/\/casino-bk-site34.top\/#website\"},\"datePublished\":\"2025-12-21T11:56:11+00:00\",\"description\":\"Emosional m\u0259lumatl\u0131l\u0131q, vaxt m\u0259hdudiyy\u0259tl\u0259ri v\u0259 maliyy\u0259 intizam\u0131 m\u0259suliyy\u0259tli oyunlar\u0131n \u0259saslar\u0131 kimi\",\"breadcrumb\":{\"@id\":\"https:\/\/casino-bk-site34.top\/az\/m%c9%99suliyy%c9%99tli-oyun\/#breadcrumb\"},\"inLanguage\":\"ru-RU\",\"potentialAction\":[{\"@type\":\"ReadAction\",\"target\":[\"https:\/\/casino-bk-site34.top\/az\/m%c9%99suliyy%c9%99tli-oyun\/\"]}]},{\"@type\":\"BreadcrumbList\",\"@id\":\"https:\/\/casino-bk-site34.top\/az\/m%c9%99suliyy%c9%99tli-oyun\/#breadcrumb\",\"itemListElement\":[{\"@type\":\"ListItem\",\"position\":1,\"name\":\"\u0413\u043b\u0430\u0432\u043d\u0430\u044f \u0441\u0442\u0440\u0430\u043d\u0438\u0446\u0430\",\"item\":\"https:\/\/casino-bk-site34.top\/ru\/\"},{\"@type\":\"ListItem\",\"position\":2,\"name\":\"M\u0259suliyy\u0259tli Oyun\"}]},{\"@type\":\"WebSite\",\"@id\":\"https:\/\/casino-bk-site34.top\/#website\",\"url\":\"https:\/\/casino-bk-site34.top\/\",\"name\":\"casino-bk-site34.top\",\"description\":\"\",\"publisher\":{\"@id\":\"https:\/\/casino-bk-site34.top\/#organization\"},\"potentialAction\":[{\"@type\":\"SearchAction\",\"target\":{\"@type\":\"EntryPoint\",\"urlTemplate\":\"https:\/\/casino-bk-site34.top\/?s={search_term_string}\"},\"query-input\":{\"@type\":\"PropertyValueSpecification\",\"valueRequired\":true,\"valueName\":\"search_term_string\"}}],\"inLanguage\":\"ru-RU\"},{\"@type\":\"Organization\",\"@id\":\"https:\/\/casino-bk-site34.top\/#organization\",\"name\":\"casino-bk-site34.top\",\"url\":\"https:\/\/casino-bk-site34.top\/\",\"logo\":{\"@type\":\"ImageObject\",\"inLanguage\":\"ru-RU\",\"@id\":\"https:\/\/casino-bk-site34.top\/#\/schema\/logo\/image\/\",\"url\":\"https:\/\/casino-bk-site34.top\/wp-content\/uploads\/2025\/11\/cropped-favicon-2.webp\",\"contentUrl\":\"https:\/\/casino-bk-site34.top\/wp-content\/uploads\/2025\/11\/cropped-favicon-2.webp\",\"width\":512,\"height\":512,\"caption\":\"casino-bk-site34.top\"},\"image\":{\"@id\":\"https:\/\/casino-bk-site34.top\/#\/schema\/logo\/image\/\"}}]}<\/script>\n<!-- \/ Yoast SEO plugin. -->","yoast_head_json":{"title":"M\u0259suliyy\u0259tli Oyun \u2014 T\u0259hl\u00fck\u0259siz, Balansl\u0131 v\u0259 M\u0259lumatl\u0131 R\u0259q\u0259msal Davran\u0131\u015f","description":"Emosional m\u0259lumatl\u0131l\u0131q, vaxt m\u0259hdudiyy\u0259tl\u0259ri v\u0259 maliyy\u0259 intizam\u0131 m\u0259suliyy\u0259tli oyunlar\u0131n \u0259saslar\u0131 kimi","robots":{"index":"index","follow":"follow","max-snippet":"max-snippet:-1","max-image-preview":"max-image-preview:large","max-video-preview":"max-video-preview:-1"},"canonical":"https:\/\/casino-bk-site34.top\/az\/m\u0259suliyy\u0259tli-oyun\/","og_locale":"ru_RU","og_type":"article","og_title":"M\u0259suliyy\u0259tli Oyun \u2014 T\u0259hl\u00fck\u0259siz, Balansl\u0131 v\u0259 M\u0259lumatl\u0131 R\u0259q\u0259msal Davran\u0131\u015f","og_description":"Emosional m\u0259lumatl\u0131l\u0131q, vaxt m\u0259hdudiyy\u0259tl\u0259ri v\u0259 maliyy\u0259 intizam\u0131 m\u0259suliyy\u0259tli oyunlar\u0131n \u0259saslar\u0131 kimi","og_url":"https:\/\/casino-bk-site34.top\/az\/m\u0259suliyy\u0259tli-oyun\/","og_site_name":"casino-bk-site34.top","twitter_card":"summary_large_image","twitter_misc":{"\u041f\u0440\u0438\u043c\u0435\u0440\u043d\u043e\u0435 \u0432\u0440\u0435\u043c\u044f \u0434\u043b\u044f \u0447\u0442\u0435\u043d\u0438\u044f":"1 \u043c\u0438\u043d\u0443\u0442\u0430"},"schema":{"@context":"https:\/\/schema.org","@graph":[{"@type":"WebPage","@id":"https:\/\/casino-bk-site34.top\/az\/m%c9%99suliyy%c9%99tli-oyun\/","url":"https:\/\/casino-bk-site34.top\/az\/m%c9%99suliyy%c9%99tli-oyun\/","name":"M\u0259suliyy\u0259tli Oyun \u2014 T\u0259hl\u00fck\u0259siz, Balansl\u0131 v\u0259 M\u0259lumatl\u0131 R\u0259q\u0259msal Davran\u0131\u015f","isPartOf":{"@id":"https:\/\/casino-bk-site34.top\/#website"},"datePublished":"2025-12-21T11:56:11+00:00","description":"Emosional m\u0259lumatl\u0131l\u0131q, vaxt m\u0259hdudiyy\u0259tl\u0259ri v\u0259 maliyy\u0259 intizam\u0131 m\u0259suliyy\u0259tli oyunlar\u0131n \u0259saslar\u0131 kimi","breadcrumb":{"@id":"https:\/\/casino-bk-site34.top\/az\/m%c9%99suliyy%c9%99tli-oyun\/#breadcrumb"},"inLanguage":"ru-RU","potentialAction":[{"@type":"ReadAction","target":["https:\/\/casino-bk-site34.top\/az\/m%c9%99suliyy%c9%99tli-oyun\/"]}]},{"@type":"BreadcrumbList","@id":"https:\/\/casino-bk-site34.top\/az\/m%c9%99suliyy%c9%99tli-oyun\/#breadcrumb","itemListElement":[{"@type":"ListItem","position":1,"name":"\u0413\u043b\u0430\u0432\u043d\u0430\u044f \u0441\u0442\u0440\u0430\u043d\u0438\u0446\u0430","item":"https:\/\/casino-bk-site34.top\/ru\/"},{"@type":"ListItem","position":2,"name":"M\u0259suliyy\u0259tli Oyun"}]},{"@type":"WebSite","@id":"https:\/\/casino-bk-site34.top\/#website","url":"https:\/\/casino-bk-site34.top\/","name":"casino-bk-site34.top","description":"","publisher":{"@id":"https:\/\/casino-bk-site34.top\/#organization"},"potentialAction":[{"@type":"SearchAction","target":{"@type":"EntryPoint","urlTemplate":"https:\/\/casino-bk-site34.top\/?s={search_term_string}"},"query-input":{"@type":"PropertyValueSpecification","valueRequired":true,"valueName":"search_term_string"}}],"inLanguage":"ru-RU"},{"@type":"Organization","@id":"https:\/\/casino-bk-site34.top\/#organization","name":"casino-bk-site34.top","url":"https:\/\/casino-bk-site34.top\/","logo":{"@type":"ImageObject","inLanguage":"ru-RU","@id":"https:\/\/casino-bk-site34.top\/#\/schema\/logo\/image\/","url":"https:\/\/casino-bk-site34.top\/wp-content\/uploads\/2025\/11\/cropped-favicon-2.webp","contentUrl":"https:\/\/casino-bk-site34.top\/wp-content\/uploads\/2025\/11\/cropped-favicon-2.webp","width":512,"height":512,"caption":"casino-bk-site34.top"},"image":{"@id":"https:\/\/casino-bk-site34.top\/#\/schema\/logo\/image\/"}}]}},"amp_enabled":true,"_links":{"self":[{"href":"https:\/\/casino-bk-site34.top\/wp-json\/wp\/v2\/pages\/2649","targetHints":{"allow":["GET"]}}],"collection":[{"href":"https:\/\/casino-bk-site34.top\/wp-json\/wp\/v2\/pages"}],"about":[{"href":"https:\/\/casino-bk-site34.top\/wp-json\/wp\/v2\/types\/page"}],"author":[{"embeddable":true,"href":"https:\/\/casino-bk-site34.top\/wp-json\/wp\/v2\/users\/1"}],"replies":[{"embeddable":true,"href":"https:\/\/casino-bk-site34.top\/wp-json\/wp\/v2\/comments?post=2649"}],"version-history":[{"count":1,"href":"https:\/\/casino-bk-site34.top\/wp-json\/wp\/v2\/pages\/2649\/revisions"}],"predecessor-version":[{"id":2650,"href":"https:\/\/casino-bk-site34.top\/wp-json\/wp\/v2\/pages\/2649\/revisions\/2650"}],"wp:attachment":[{"href":"https:\/\/casino-bk-site34.top\/wp-json\/wp\/v2\/media?parent=2649"}],"curies":[{"name":"wp","href":"https:\/\/api.w.org\/{rel}","templated":true}]}}