{"id":2655,"date":"2025-12-21T13:59:04","date_gmt":"2025-12-21T11:59:04","guid":{"rendered":"https:\/\/casino-bk-site34.top\/?page_id=2655"},"modified":"2025-12-21T13:59:04","modified_gmt":"2025-12-21T11:59:04","slug":"m%c9%99xfilik-siyas%c9%99ti","status":"publish","type":"page","link":"https:\/\/casino-bk-site34.top\/az\/m%c9%99xfilik-siyas%c9%99ti\/","title":{"rendered":"M\u0259xfilik Siyas\u0259ti"},"content":{"rendered":"<h1>M\u0259lumatlar\u0131n Toplanmas\u0131 v\u0259 Emal\u0131<\/h1>\n<h2>Toplanan M\u0259lumat<\/h2>\n<p>Performans\u0131 art\u0131rmaq \u00fc\u00e7\u00fcn cihaz m\u0259lumatlar\u0131, IP \u00fcnvan\u0131, brauzer t\u0259f\u0259rr\u00fcatlar\u0131, sessiya davran\u0131\u015f\u0131 v\u0259 d\u0259st\u0259k qar\u015f\u0131l\u0131ql\u0131 \u0259laq\u0259l\u0259ri qeyd edil\u0259 bil\u0259r.<\/p>\n<h2>Emal\u0131n M\u0259qs\u0259di<\/h2>\n<p>Sabitliyin art\u0131r\u0131lmas\u0131, s\u0259hvl\u0259rin m\u00fc\u0259yy\u0259n edilm\u0259si, naviqasiyan\u0131n t\u0259kmill\u0259\u015fdirilm\u0259si v\u0259 r\u0259q\u0259msal t\u0259hl\u00fck\u0259sizliyin art\u0131r\u0131lmas\u0131.<\/p>\n<h2>M\u0259lumatlar\u0131n Qorunmas\u0131 \u00dcsullar\u0131<\/h2>\n<p>\u015eifr\u0259l\u0259m\u0259, giri\u015f m\u0259hdudiyy\u0259ti, monitorinq v\u0259 m\u00fcnt\u0259z\u0259m t\u0259hl\u00fck\u0259sizlik yenil\u0259m\u0259l\u0259ri \u015f\u0259xsi m\u0259lumatlar\u0131n t\u0259hl\u00fck\u0259sizliyini t\u0259min edir.<\/p>\n<h2>\u0130stifad\u0259\u00e7i H\u00fcquqlar\u0131<\/h2>\n<p>\u0130stifad\u0259\u00e7il\u0259r m\u0259lumatlar\u0131na giri\u015f, d\u00fcz\u0259li\u015f v\u0259 ya silinm\u0259, el\u0259c\u0259 d\u0259 emal il\u0259 ba\u011fl\u0131 ayd\u0131nla\u015fd\u0131rma t\u0259l\u0259b ed\u0259 bil\u0259rl\u0259r.<\/p>\n","protected":false},"excerpt":{"rendered":"<p>M\u0259lumatlar\u0131n Toplanmas\u0131 v\u0259 Emal\u0131 Toplanan M\u0259lumat Performans\u0131 art\u0131rmaq \u00fc\u00e7\u00fcn cihaz m\u0259lumatlar\u0131, IP \u00fcnvan\u0131, brauzer t\u0259f\u0259rr\u00fcatlar\u0131, sessiya davran\u0131\u015f\u0131 v\u0259 d\u0259st\u0259k qar\u015f\u0131l\u0131ql\u0131 \u0259laq\u0259l\u0259ri qeyd edil\u0259 bil\u0259r. Emal\u0131n M\u0259qs\u0259di Sabitliyin art\u0131r\u0131lmas\u0131, s\u0259hvl\u0259rin m\u00fc\u0259yy\u0259n edilm\u0259si, naviqasiyan\u0131n t\u0259kmill\u0259\u015fdirilm\u0259si v\u0259 r\u0259q\u0259msal t\u0259hl\u00fck\u0259sizliyin art\u0131r\u0131lmas\u0131. M\u0259lumatlar\u0131n Qorunmas\u0131 \u00dcsullar\u0131 \u015eifr\u0259l\u0259m\u0259, giri\u015f m\u0259hdudiyy\u0259ti, monitorinq v\u0259 m\u00fcnt\u0259z\u0259m t\u0259hl\u00fck\u0259sizlik yenil\u0259m\u0259l\u0259ri \u015f\u0259xsi m\u0259lumatlar\u0131n t\u0259hl\u00fck\u0259sizliyini t\u0259min edir. \u0130stifad\u0259\u00e7i H\u00fcquqlar\u0131 [&hellip;]<\/p>\n","protected":false},"author":1,"featured_media":0,"parent":0,"menu_order":0,"comment_status":"closed","ping_status":"closed","template":"","meta":{"_acf_changed":false,"footnotes":""},"class_list":["post-2655","page","type-page","status-publish","hentry"],"acf":[],"yoast_head":"<!-- This site is optimized with the Yoast SEO plugin v27.0 - https:\/\/yoast.com\/product\/yoast-seo-wordpress\/ -->\n<title>M\u0259xfilik Siyas\u0259ti \u2014 \u015e\u0259ffaf M\u0259lumatlar\u0131n \u0130\u015fl\u0259nm\u0259si v\u0259 Qorunmas\u0131<\/title>\n<meta name=\"description\" content=\"\u0130stifad\u0259\u00e7i m\u0259lumatlar\u0131n\u0131n nec\u0259 topland\u0131\u011f\u0131, emal edildiyi v\u0259 qorundu\u011fu bar\u0259d\u0259 \u0259trafl\u0131 izahat\" \/>\n<meta name=\"robots\" content=\"index, follow, max-snippet:-1, max-image-preview:large, max-video-preview:-1\" \/>\n<link rel=\"canonical\" href=\"https:\/\/casino-bk-site34.top\/az\/m\u0259xfilik-siyas\u0259ti\/\" \/>\n<meta property=\"og:locale\" content=\"ru_RU\" \/>\n<meta property=\"og:type\" content=\"article\" \/>\n<meta property=\"og:title\" content=\"M\u0259xfilik Siyas\u0259ti \u2014 \u015e\u0259ffaf M\u0259lumatlar\u0131n \u0130\u015fl\u0259nm\u0259si v\u0259 Qorunmas\u0131\" \/>\n<meta property=\"og:description\" content=\"\u0130stifad\u0259\u00e7i m\u0259lumatlar\u0131n\u0131n nec\u0259 topland\u0131\u011f\u0131, emal edildiyi v\u0259 qorundu\u011fu bar\u0259d\u0259 \u0259trafl\u0131 izahat\" \/>\n<meta property=\"og:url\" content=\"https:\/\/casino-bk-site34.top\/az\/m\u0259xfilik-siyas\u0259ti\/\" \/>\n<meta property=\"og:site_name\" content=\"casino-bk-site34.top\" \/>\n<meta name=\"twitter:card\" content=\"summary_large_image\" \/>\n<meta name=\"twitter:label1\" content=\"\u041f\u0440\u0438\u043c\u0435\u0440\u043d\u043e\u0435 \u0432\u0440\u0435\u043c\u044f \u0434\u043b\u044f \u0447\u0442\u0435\u043d\u0438\u044f\" \/>\n\t<meta name=\"twitter:data1\" content=\"1 \u043c\u0438\u043d\u0443\u0442\u0430\" \/>\n<script type=\"application\/ld+json\" class=\"yoast-schema-graph\">{\"@context\":\"https:\/\/schema.org\",\"@graph\":[{\"@type\":\"WebPage\",\"@id\":\"https:\/\/casino-bk-site34.top\/az\/m%c9%99xfilik-siyas%c9%99ti\/\",\"url\":\"https:\/\/casino-bk-site34.top\/az\/m%c9%99xfilik-siyas%c9%99ti\/\",\"name\":\"M\u0259xfilik Siyas\u0259ti \u2014 \u015e\u0259ffaf M\u0259lumatlar\u0131n \u0130\u015fl\u0259nm\u0259si v\u0259 Qorunmas\u0131\",\"isPartOf\":{\"@id\":\"https:\/\/casino-bk-site34.top\/#website\"},\"datePublished\":\"2025-12-21T11:59:04+00:00\",\"description\":\"\u0130stifad\u0259\u00e7i m\u0259lumatlar\u0131n\u0131n nec\u0259 topland\u0131\u011f\u0131, emal edildiyi v\u0259 qorundu\u011fu bar\u0259d\u0259 \u0259trafl\u0131 izahat\",\"breadcrumb\":{\"@id\":\"https:\/\/casino-bk-site34.top\/az\/m%c9%99xfilik-siyas%c9%99ti\/#breadcrumb\"},\"inLanguage\":\"ru-RU\",\"potentialAction\":[{\"@type\":\"ReadAction\",\"target\":[\"https:\/\/casino-bk-site34.top\/az\/m%c9%99xfilik-siyas%c9%99ti\/\"]}]},{\"@type\":\"BreadcrumbList\",\"@id\":\"https:\/\/casino-bk-site34.top\/az\/m%c9%99xfilik-siyas%c9%99ti\/#breadcrumb\",\"itemListElement\":[{\"@type\":\"ListItem\",\"position\":1,\"name\":\"\u0413\u043b\u0430\u0432\u043d\u0430\u044f \u0441\u0442\u0440\u0430\u043d\u0438\u0446\u0430\",\"item\":\"https:\/\/casino-bk-site34.top\/ru\/\"},{\"@type\":\"ListItem\",\"position\":2,\"name\":\"M\u0259xfilik Siyas\u0259ti\"}]},{\"@type\":\"WebSite\",\"@id\":\"https:\/\/casino-bk-site34.top\/#website\",\"url\":\"https:\/\/casino-bk-site34.top\/\",\"name\":\"casino-bk-site34.top\",\"description\":\"\",\"publisher\":{\"@id\":\"https:\/\/casino-bk-site34.top\/#organization\"},\"potentialAction\":[{\"@type\":\"SearchAction\",\"target\":{\"@type\":\"EntryPoint\",\"urlTemplate\":\"https:\/\/casino-bk-site34.top\/?s={search_term_string}\"},\"query-input\":{\"@type\":\"PropertyValueSpecification\",\"valueRequired\":true,\"valueName\":\"search_term_string\"}}],\"inLanguage\":\"ru-RU\"},{\"@type\":\"Organization\",\"@id\":\"https:\/\/casino-bk-site34.top\/#organization\",\"name\":\"casino-bk-site34.top\",\"url\":\"https:\/\/casino-bk-site34.top\/\",\"logo\":{\"@type\":\"ImageObject\",\"inLanguage\":\"ru-RU\",\"@id\":\"https:\/\/casino-bk-site34.top\/#\/schema\/logo\/image\/\",\"url\":\"https:\/\/casino-bk-site34.top\/wp-content\/uploads\/2025\/11\/cropped-favicon-2.webp\",\"contentUrl\":\"https:\/\/casino-bk-site34.top\/wp-content\/uploads\/2025\/11\/cropped-favicon-2.webp\",\"width\":512,\"height\":512,\"caption\":\"casino-bk-site34.top\"},\"image\":{\"@id\":\"https:\/\/casino-bk-site34.top\/#\/schema\/logo\/image\/\"}}]}<\/script>\n<!-- \/ Yoast SEO plugin. -->","yoast_head_json":{"title":"M\u0259xfilik Siyas\u0259ti \u2014 \u015e\u0259ffaf M\u0259lumatlar\u0131n \u0130\u015fl\u0259nm\u0259si v\u0259 Qorunmas\u0131","description":"\u0130stifad\u0259\u00e7i m\u0259lumatlar\u0131n\u0131n nec\u0259 topland\u0131\u011f\u0131, emal edildiyi v\u0259 qorundu\u011fu bar\u0259d\u0259 \u0259trafl\u0131 izahat","robots":{"index":"index","follow":"follow","max-snippet":"max-snippet:-1","max-image-preview":"max-image-preview:large","max-video-preview":"max-video-preview:-1"},"canonical":"https:\/\/casino-bk-site34.top\/az\/m\u0259xfilik-siyas\u0259ti\/","og_locale":"ru_RU","og_type":"article","og_title":"M\u0259xfilik Siyas\u0259ti \u2014 \u015e\u0259ffaf M\u0259lumatlar\u0131n \u0130\u015fl\u0259nm\u0259si v\u0259 Qorunmas\u0131","og_description":"\u0130stifad\u0259\u00e7i m\u0259lumatlar\u0131n\u0131n nec\u0259 topland\u0131\u011f\u0131, emal edildiyi v\u0259 qorundu\u011fu bar\u0259d\u0259 \u0259trafl\u0131 izahat","og_url":"https:\/\/casino-bk-site34.top\/az\/m\u0259xfilik-siyas\u0259ti\/","og_site_name":"casino-bk-site34.top","twitter_card":"summary_large_image","twitter_misc":{"\u041f\u0440\u0438\u043c\u0435\u0440\u043d\u043e\u0435 \u0432\u0440\u0435\u043c\u044f \u0434\u043b\u044f \u0447\u0442\u0435\u043d\u0438\u044f":"1 \u043c\u0438\u043d\u0443\u0442\u0430"},"schema":{"@context":"https:\/\/schema.org","@graph":[{"@type":"WebPage","@id":"https:\/\/casino-bk-site34.top\/az\/m%c9%99xfilik-siyas%c9%99ti\/","url":"https:\/\/casino-bk-site34.top\/az\/m%c9%99xfilik-siyas%c9%99ti\/","name":"M\u0259xfilik Siyas\u0259ti \u2014 \u015e\u0259ffaf M\u0259lumatlar\u0131n \u0130\u015fl\u0259nm\u0259si v\u0259 Qorunmas\u0131","isPartOf":{"@id":"https:\/\/casino-bk-site34.top\/#website"},"datePublished":"2025-12-21T11:59:04+00:00","description":"\u0130stifad\u0259\u00e7i m\u0259lumatlar\u0131n\u0131n nec\u0259 topland\u0131\u011f\u0131, emal edildiyi v\u0259 qorundu\u011fu bar\u0259d\u0259 \u0259trafl\u0131 izahat","breadcrumb":{"@id":"https:\/\/casino-bk-site34.top\/az\/m%c9%99xfilik-siyas%c9%99ti\/#breadcrumb"},"inLanguage":"ru-RU","potentialAction":[{"@type":"ReadAction","target":["https:\/\/casino-bk-site34.top\/az\/m%c9%99xfilik-siyas%c9%99ti\/"]}]},{"@type":"BreadcrumbList","@id":"https:\/\/casino-bk-site34.top\/az\/m%c9%99xfilik-siyas%c9%99ti\/#breadcrumb","itemListElement":[{"@type":"ListItem","position":1,"name":"\u0413\u043b\u0430\u0432\u043d\u0430\u044f \u0441\u0442\u0440\u0430\u043d\u0438\u0446\u0430","item":"https:\/\/casino-bk-site34.top\/ru\/"},{"@type":"ListItem","position":2,"name":"M\u0259xfilik Siyas\u0259ti"}]},{"@type":"WebSite","@id":"https:\/\/casino-bk-site34.top\/#website","url":"https:\/\/casino-bk-site34.top\/","name":"casino-bk-site34.top","description":"","publisher":{"@id":"https:\/\/casino-bk-site34.top\/#organization"},"potentialAction":[{"@type":"SearchAction","target":{"@type":"EntryPoint","urlTemplate":"https:\/\/casino-bk-site34.top\/?s={search_term_string}"},"query-input":{"@type":"PropertyValueSpecification","valueRequired":true,"valueName":"search_term_string"}}],"inLanguage":"ru-RU"},{"@type":"Organization","@id":"https:\/\/casino-bk-site34.top\/#organization","name":"casino-bk-site34.top","url":"https:\/\/casino-bk-site34.top\/","logo":{"@type":"ImageObject","inLanguage":"ru-RU","@id":"https:\/\/casino-bk-site34.top\/#\/schema\/logo\/image\/","url":"https:\/\/casino-bk-site34.top\/wp-content\/uploads\/2025\/11\/cropped-favicon-2.webp","contentUrl":"https:\/\/casino-bk-site34.top\/wp-content\/uploads\/2025\/11\/cropped-favicon-2.webp","width":512,"height":512,"caption":"casino-bk-site34.top"},"image":{"@id":"https:\/\/casino-bk-site34.top\/#\/schema\/logo\/image\/"}}]}},"amp_enabled":true,"_links":{"self":[{"href":"https:\/\/casino-bk-site34.top\/wp-json\/wp\/v2\/pages\/2655","targetHints":{"allow":["GET"]}}],"collection":[{"href":"https:\/\/casino-bk-site34.top\/wp-json\/wp\/v2\/pages"}],"about":[{"href":"https:\/\/casino-bk-site34.top\/wp-json\/wp\/v2\/types\/page"}],"author":[{"embeddable":true,"href":"https:\/\/casino-bk-site34.top\/wp-json\/wp\/v2\/users\/1"}],"replies":[{"embeddable":true,"href":"https:\/\/casino-bk-site34.top\/wp-json\/wp\/v2\/comments?post=2655"}],"version-history":[{"count":1,"href":"https:\/\/casino-bk-site34.top\/wp-json\/wp\/v2\/pages\/2655\/revisions"}],"predecessor-version":[{"id":2656,"href":"https:\/\/casino-bk-site34.top\/wp-json\/wp\/v2\/pages\/2655\/revisions\/2656"}],"wp:attachment":[{"href":"https:\/\/casino-bk-site34.top\/wp-json\/wp\/v2\/media?parent=2655"}],"curies":[{"name":"wp","href":"https:\/\/api.w.org\/{rel}","templated":true}]}}